




{"id":4833,"date":"2025-07-10T14:42:21","date_gmt":"2025-07-10T14:42:21","guid":{"rendered":"https:\/\/montagnac.com\/?p=4833"},"modified":"2026-04-09T15:59:44","modified_gmt":"2026-04-09T14:59:44","slug":"politique-de-confidentialite","status":"publish","type":"page","link":"https:\/\/montagnac.com\/en\/politique-de-confidentialite\/","title":{"rendered":"Politique de confidentialit\u00e9"},"content":{"rendered":"<h1 class=\"page-heading\">Politique de confidentialit\u00e9<\/h1>\n<p class=\"bottom-indent\">Lorsque vous naviguez sur notre site internet www.montagnac.com, vous pouvez nous communiquer des donn\u00e9es personnelles.<\/p>\n<p>Notre politique de confidentialit\u00e9 d\u00e9finit la mani\u00e8re dont MAISON MONTAGNAC collecte et traite vos donn\u00e9es personnelles lorsque vous utilisez nos services en ligne, vous vous inscrivez \u00e0 notre newsletter sur notre site internet, lorsque vous cr\u00e9ez un compte sur notre site internet ou encore lorsque vous effectuez une commande en ligne.<\/p>\n<p>Nous veillons \u00e0 ce que votre vie priv\u00e9e soit prot\u00e9g\u00e9e. Les informations recueillies lors de votre navigation sur notre site web seront utilis\u00e9es conform\u00e9ment \u00e0 la pr\u00e9sente d\u00e9claration de confidentialit\u00e9.<\/p>\n<p>Cette Politique a \u00e9galement pour objet de vous informer de vos droits concernant vos donn\u00e9es personnelles. Il est donc important que vous en preniez connaissance ainsi que de tout autre mention d\u2019information sp\u00e9cifique que nous pouvons vous communiquer ponctuellement, lorsque nous collectons et traitons des donn\u00e9es personnelles vous concernant.<\/p>\n<h2 class=\"page-heading\">Responsable du traitement<\/h2>\n<p class=\"bottom-indent\">La soci\u00e9t\u00e9 MAISON MONTAGNAC SASU, soci\u00e9t\u00e9 par actions simplifi\u00e9e unipersonnelle au capital de 75000 euros, immatricul\u00e9e au RCS de Bordeaux sous le num\u00e9ro BX 404 176 257, dont le si\u00e8ge social est situ\u00e9 7 Avenue Raymond Manaud \u2013 B\u00e2timent B, 33520 Bruges \u2013 France, ci-apr\u00e8s d\u00e9sign\u00e9e \u00ab\u00a0MAISON MONTAGNAC\u00a0\u00bb est le responsable du traitement au sens de la r\u00e9glementation applicable en mati\u00e8re de donn\u00e9es personnelles et notamment de la loi n\u00b078-17 du 6 janvier 1978 dite \u00ab Loi Informatique et Libert\u00e9s \u00bb et du R\u00e8glement UE 2016\/679 du 27 avril 2016 relatif \u00e0 la protection des personnes physiques \u00e0 l&rsquo;\u00e9gard du traitement des donn\u00e9es \u00e0 caract\u00e8re personnel et \u00e0 la libre circulation de ces donn\u00e9es (\u00ab\u00a0RGPD\u00a0\u00bb).<\/p>\n<h2 class=\"page-heading\">Les cookies<\/h2>\n<p class=\"bottom-indent\">Les cookies sont des fichiers de donn\u00e9es stock\u00e9es sur le disque dur de l\u2019utilisateur qui nous permettent de comparer les nouveaux visiteurs avec les anciens, de comprendre comment les utilisateurs naviguent sur notre site, d\u2019obtenir des donn\u00e9es \u00e0 partir desquelles nous am\u00e9liorons votre exp\u00e9rience de navigation. Les cookies ne gardent aucune trace de vos informations personnelles. Si vous ne souhaitez pas utiliser de cookies, vous devez configurer les param\u00e8tres de votre ordinateur afin d\u2019effacer tous les cookies de sites Web et\/ou recevoir une notification si des cookies sont stock\u00e9s.<\/p>\n<h2 class=\"page-heading\">Base juridique du traitement de donn\u00e9es<\/h2>\n<p class=\"bottom-indent\">Les sources de collecte de vos donn\u00e9es personnelles sont\u00a0:<br \/>\u02d9 La cr\u00e9ation de votre compte en ligne<br \/>\u02d9 Le formulaire d\u2019inscription \u00e0 notre newsletter <br \/>\u02d9 Les achats que vous effectuez en ligne sur notre site.<\/p>\n<p class=\"bottom-indent\">Dans le cadre de la fourniture de ses services, MAISON MONTAGNAC collecte et traite les cat\u00e9gories suivantes de donn\u00e9es personnelles vous concernant :<br \/>\u02d9 Donn\u00e9es d\u2019identification, telles que vos pr\u00e9noms, nom et mot de passe ;<br \/>\u02d9 Donn\u00e9es de connexion, lorsque vous vous connectez \u00e0 votre compte ;<br \/>\u02d9 Donn\u00e9es de contact (de facturation et de livraison, si diff\u00e9rentes), telles que vos adresses email et postale et votre num\u00e9ro de t\u00e9l\u00e9phone ;<br \/>\u02d9 Donn\u00e9es relatives aux transactions et au suivi des commandes, lorsque vous effectuez des achats en ligne (informations relatives aux commandes, description des produits achet\u00e9s, quantit\u00e9s, montant, modalit\u00e9s de paiement, application \u00e9ventuelle de remises ou d\u2019offres promotionnelles).<\/p>\n<p class=\"bottom-indent\">Lorsque nous avons besoin de collecter des donn\u00e9es personnelles vous concernant (aux termes d\u2019une obligation l\u00e9gale ou d&rsquo;un contrat que nous avons conclu avec vous, ou que nous avons l&rsquo;intention de conclure avec vous, notamment dans le cadre d\u2019un achat et d\u2019une vente en ligne) et que vous ne fournissez pas ces donn\u00e9es personnelles lorsque cela est demand\u00e9, nous pourrions ne pas \u00eatre en mesure de vous fournir les services que vous souhaitez. Le caract\u00e8re obligatoire vous est indiqu\u00e9 lors de la collecte par un ast\u00e9risque.<\/p>\n<h2 class=\"page-heading\">Finalit\u00e9s du traitement<\/h2>\n<p class=\"bottom-indent\">Nous collectons et traitons vos donn\u00e9es personnelles lorsque :<br \/>\u02d9 Le traitement de vos donn\u00e9es personnelle est n\u00e9cessaire \u00e0 l&rsquo;ex\u00e9cution de la relation contractuelle qui nous lie \u00e0 vous, tel est le cas dans le cadre de la gestion des commandes que vous r\u00e9alisez en ligne.<br \/>\u02d9 Le traitement est n\u00e9cessaire au respect d&rsquo;une obligation l\u00e9gale \u00e0 laquelle nous sommes soumis ou encore pour le traitement comptable de vos commandes.<br \/>\u02d9 Le traitement est n\u00e9cessaire \u00e0 la poursuite de nos int\u00e9r\u00eats l\u00e9gitimes, notamment lorsque nous vous envoyons des emails de prospection commerciale concernant des produits identiques ou similaires \u00e0 ceux que vous avez pr\u00e9c\u00e9demment command\u00e9s en ligne.<br \/>\u02d9 Vous avez donn\u00e9 votre consentement, notamment pour l\u2019envoi de notre newsletter.<\/p>\n<p class=\"bottom-indent\">MAISON MONTAGNAC collecte et traite vos donn\u00e9es personnelles afin de\u00a0:<br \/>\u02d9 Vous permettre de cr\u00e9er un compte sur notre site, d\u2019acc\u00e9der \u00e0 votre compte et de le g\u00e9rer<br \/>\u02d9 Vous envoyer notre newsletter\u00a0<br \/>\u02d9 Traiter et g\u00e9rer les commandes r\u00e9alis\u00e9es sur notre site internet<br \/>\u02d9 R\u00e9pondre \u00e0 vos demandes d\u2019exercice de droits.<\/p>\n<h2 class=\"page-heading\">Destinataires des donn\u00e9es collect\u00e9es<\/h2>\n<p class=\"bottom-indent\">Dans le cadre de la fourniture de nos services, nous sommes amen\u00e9s \u00e0 communiquer vos donn\u00e9es personnelles aux \u00e9quipes habilit\u00e9es au seine de Maison Montagnac. Nous partageons \u00e9galement ces informations avec nos partenaires pour des raisons techniques, logistiques ou commerciales\u00a0: notre prestataire d\u2019h\u00e9bergement, de d\u00e9veloppement et de maintenance de notre site, notre prestataire en charge de l\u2019envoi de la newsletter et de la prospection commerciale, notre prestataire en charge du d\u00e9veloppement et de la maintenance de la plateforme de gestion de la relation client ainsi qu\u2019aux partenaires de services de paiement et transporteurs en charge de la livraison des commandes effectu\u00e9es en ligne.<\/p>\n<p class=\"bottom-indent\">MAISON MONTAGNAC pourra \u00e9galement \u00eatre amen\u00e9 \u00e0 communiquer vos donn\u00e9es personnelles \u00e0 des tiers lorsqu\u2019une telle communication est requise par la loi, une disposition r\u00e9glementaire ou une d\u00e9cision judiciaire, ou si cette communication est n\u00e9cessaire pour assurer la protection et la d\u00e9fense de ses droits.<\/p>\n<h2 class=\"page-heading\">Conservation de vos donn\u00e9es personnelles<\/h2>\n<p class=\"bottom-indent\">Vos donn\u00e9es personnelles sont conserv\u00e9es par MAISON MONTAGNAC pour le temps n\u00e9cessaire \u00e0 la r\u00e9alisation des finalit\u00e9s pour lesquelles elles ont \u00e9t\u00e9 collect\u00e9es.<\/p>\n<p class=\"bottom-indent\">Pour d\u00e9terminer la dur\u00e9e de conservation appropri\u00e9e de vos donn\u00e9es personnelles, nous consid\u00e9rons la quantit\u00e9, la nature et la sensibilit\u00e9 des donn\u00e9es personnelles, le risque potentiel r\u00e9sultant de l&rsquo;utilisation ou de la divulgation non autoris\u00e9e des donn\u00e9es personnelles, les finalit\u00e9s pour lesquelles nous traitons vos donn\u00e9es personnelles ainsi que nos obligations l\u00e9gales. Veuillez noter que s\u2019agissant de l\u2019envoi d\u2019emails de prospection commerciale, MAISON MONTAGNAC ne conservera vos donn\u00e9es personnelles que pendant une dur\u00e9e de 3 ans apr\u00e8s votre derni\u00e8re interaction.<\/p>\n<p class=\"bottom-indent\">Pour r\u00e9pondre \u00e0 nos obligations comptables et fiscales, nous conservons les donn\u00e9es personnelles de nature transactionnelle ainsi que les donn\u00e9es d\u2019identification et de contact associ\u00e9es pendant le d\u00e9lai l\u00e9gal de prescription apr\u00e8s qu\u2019une personne ait cess\u00e9 d\u2019\u00eatre un client.<\/p>\n<p class=\"bottom-indent\">Pendant la p\u00e9riode de conservation de vos donn\u00e9es personnelles, MAISON MONTAGNAC met en place tous les moyens n\u00e9cessaires et appropri\u00e9s pour assurer la confidentialit\u00e9 et la s\u00e9curit\u00e9 de vos donn\u00e9es personnelles, contre tout risque d\u2019effacement, d\u2019alt\u00e9ration de ces donn\u00e9es, ou d\u2019acc\u00e8s par des tiers non autoris\u00e9s.<\/p>\n<h2 class=\"page-heading\">Vos droits<\/h2>\n<p class=\"bottom-indent\">Selon votre situation personnelle, vous disposez des droits \u00e9num\u00e9r\u00e9s ci-apr\u00e8s en application du RGPD et de la Loi Informatique et Libert\u00e9s.\u00a0<\/p>\n<p class=\"bottom-indent\"><strong>Droit d&rsquo;acc\u00e8s\u00a0:<\/strong> Vous avez le droit d\u2019obtenir la confirmation que nous traitons des donn\u00e9es personnelles vous concernant. Le cas \u00e9ch\u00e9ant, vous avez le droit d&rsquo;acc\u00e9der aux donn\u00e9es personnelles que nous d\u00e9tenons \u00e0 votre sujet. Ceci vous donne le droit de recevoir une copie de vos donn\u00e9es personnelles ainsi que certaines informations relatives au traitement de vos donn\u00e9es personnelles.<\/p>\n<p class=\"bottom-indent\"><strong>Droit \u00e0 la rectification\u00a0:<\/strong> Vous avez le droit de nous demander de corriger vos donn\u00e9es personnelles si elles sont inexactes ou obsol\u00e8tes. Si vous avez cr\u00e9\u00e9 un profil en ligne, vous pouvez corriger vos informations \u00e0 tout moment en visitant votre compte.<\/p>\n<p class=\"bottom-indent\"><strong>Droit \u00e0 l&rsquo;effacement\u00a0:<\/strong> Dans certaines circonstances, vous avez le droit de demander l\u2019effacement de vos donn\u00e9es personnelles. Veuillez noter que vos donn\u00e9es personnelles ne peuvent \u00eatre effac\u00e9es que lorsqu\u2019elles ne sont plus n\u00e9cessaires aux fins pour lesquelles elles ont \u00e9t\u00e9 collect\u00e9es et que nous n\u2019avons aucune autre base l\u00e9gale pour les traiter.<\/p>\n<p class=\"bottom-indent\"><strong>Droit de limitation\u00a0:<\/strong> Vous pouvez demander la limitation de l\u2019utilisation de vos donn\u00e9es personnelles dans certaines circonstances, notamment lorsque les donn\u00e9es ne sont pas ou plus n\u00e9cessaires, ou encore, si vous en avez contest\u00e9 l\u2019exactitude, le temps que nous puissions en v\u00e9rifier l\u2019exactitude.<\/p>\n<p class=\"bottom-indent\"><strong>Droit \u00e0 la portabilit\u00e9\u00a0:<\/strong> Nous vous fournirons, ou \u00e0 un tiers que vous avez choisi, vos donn\u00e9es personnelles dans un format structur\u00e9, couramment utilis\u00e9 et lisible par machine. Veuillez noter que ce droit ne s&rsquo;applique qu&rsquo;\u00e0 vos donn\u00e9es personnelles que nous traitons de mani\u00e8re automatis\u00e9e avec votre consentement ou dans le cadre de l\u2019ex\u00e9cution d\u2019un contrat conclu avec vous.<\/p>\n<p class=\"bottom-indent\"><strong>Droit d\u2019opposition\u00a0:<\/strong> Lorsque nous traitons vos donn\u00e9es personnelles sur la base d\u2019un int\u00e9r\u00eat l\u00e9gitime, vous pouvez vous opposer \u00e0 ce traitement lorsque votre situation particuli\u00e8re le justifie. Dans certains cas, nous pourrions ne pas acc\u00e9der \u00e0 votre demande si nous d\u00e9montrons que l\u2019int\u00e9r\u00eat l\u00e9gitime que nous poursuivons pr\u00e9vaut. Vous disposez \u00e9galement du droit de vous opposer au traitement de vos donn\u00e9es personnelles \u00e0 des fins de marketing direct, \u00e0 tout moment et sans justification.<\/p>\n<p class=\"bottom-indent\"><strong>Retrait de votre consentement\u00a0:<\/strong> Si le traitement de vos donn\u00e9es personnelles est fond\u00e9 sur votre consentement, vous avez le droit de le retirer \u00e0 tout moment. En particulier, dans le cas o\u00f9 vous souhaiteriez vous d\u00e9sabonner de toute liste de diffusion (newsletters, prospection commerciale), \u00e0 tout moment, vous pouvez le faire en cliquant sur le lien qui figure en bas de toutes nos communications.<\/p>\n<p class=\"bottom-indent\"><strong>Sort des donn\u00e9es apr\u00e8s le d\u00e9c\u00e8s\u00a0:<\/strong> Vous pouvez \u00e9galement formuler des directives relatives \u00e0 la conservation, \u00e0 l\u2018effacement et \u00e0 la communication de vos donn\u00e9es personnelles apr\u00e8s votre d\u00e9c\u00e8s.<\/p>\n<p class=\"bottom-indent\">Nous pourrons vous demander des informations sp\u00e9cifiques pour nous aider \u00e0 confirmer votre identit\u00e9 et ainsi r\u00e9pondre \u00e0 votre demande d\u2019exercice de l&rsquo;un de vos droits.<\/p>\n<h2 class=\"page-heading\">Nous contacter<\/h2>\n<p class=\"bottom-indent\">Si vous vous posez une question sur la mani\u00e8re dont nous utilisons vos donn\u00e9es personnelles ou que vous souhaitez exercer l\u2019un des droits susmentionn\u00e9s, vous pouvez nous contacter par email ou courrier postal\u00a0:<\/p>\n<p class=\"bottom-indent\">contact(@)montagnac.com<\/p>\n<p class=\"bottom-indent\">MAISON MONTAGNAC &#8211; 7 Avenue Raymond Manaud &#8211; B\u00e2timent B, 33520 Bruges &#8211; France<\/p>\n<p class=\"bottom-indent\">Vous avez \u00e9galement la possibilit\u00e9 de d\u00e9poser une r\u00e9clamation concernant le traitement de vos donn\u00e9es \u00e0 caract\u00e8re personnel aupr\u00e8s de l\u2019autorit\u00e9 de protection des donn\u00e9es personnelles en France (la CNIL\u00a0: www.cnil.fr).<\/p>\n<p class=\"bottom-indent\">La Politique a \u00e9t\u00e9 mise \u00e0 jour pour la derni\u00e8re fois le 02\/02\/2023.<\/p>","protected":false},"excerpt":{"rendered":"<p>Politique de confidentialit\u00e9 Lorsque vous naviguez sur notre site internet www.montagnac.com, vous pouvez nous communiquer des donn\u00e9es personnelles. Notre politique de confidentialit\u00e9 d\u00e9finit la mani\u00e8re dont<span class=\"excerpt-hellip\"> [\u2026]<\/span><\/p>\n","protected":false},"author":1,"featured_media":0,"parent":0,"menu_order":0,"comment_status":"closed","ping_status":"closed","template":"","meta":{"_acf_changed":false,"footnotes":""},"class_list":["post-4833","page","type-page","status-publish","hentry"],"acf":[],"_links":{"self":[{"href":"https:\/\/montagnac.com\/en\/wp-json\/wp\/v2\/pages\/4833","targetHints":{"allow":["GET"]}}],"collection":[{"href":"https:\/\/montagnac.com\/en\/wp-json\/wp\/v2\/pages"}],"about":[{"href":"https:\/\/montagnac.com\/en\/wp-json\/wp\/v2\/types\/page"}],"author":[{"embeddable":true,"href":"https:\/\/montagnac.com\/en\/wp-json\/wp\/v2\/users\/1"}],"replies":[{"embeddable":true,"href":"https:\/\/montagnac.com\/en\/wp-json\/wp\/v2\/comments?post=4833"}],"version-history":[{"count":1,"href":"https:\/\/montagnac.com\/en\/wp-json\/wp\/v2\/pages\/4833\/revisions"}],"predecessor-version":[{"id":8084,"href":"https:\/\/montagnac.com\/en\/wp-json\/wp\/v2\/pages\/4833\/revisions\/8084"}],"wp:attachment":[{"href":"https:\/\/montagnac.com\/en\/wp-json\/wp\/v2\/media?parent=4833"}],"curies":[{"name":"wp","href":"https:\/\/api.w.org\/{rel}","templated":true}]}}