




{"id":1565,"date":"2023-02-23T09:51:13","date_gmt":"2023-02-23T09:51:13","guid":{"rendered":"https:\/\/montagnac.com\/?product=le-haut-medoc-de-dauzac-2019"},"modified":"2026-04-23T09:39:54","modified_gmt":"2026-04-23T08:39:54","slug":"le-haut-medoc-de-dauzac-2019","status":"publish","type":"product","link":"https:\/\/montagnac.com\/en\/product\/le-haut-medoc-de-dauzac-2019\/","title":{"rendered":"Le Haut Medoc de Dauzac 2019"},"content":{"rendered":"<table>\n<tbody>\n<tr>\n<td>Fruit\u00e9<\/td>\n<td><div class=\"progress_icons  transparent\" data-active=\"4\" data-color=\"\"><span class=\"progress_icon\" style=\"\"><i class=\"fas fa-circle\"><\/i><\/span><span class=\"progress_icon\" style=\"\"><i class=\"fas fa-circle\"><\/i><\/span><span class=\"progress_icon\" style=\"\"><i class=\"fas fa-circle\"><\/i><\/span><span class=\"progress_icon\" style=\"\"><i class=\"fas fa-circle\"><\/i><\/span><span class=\"progress_icon\" style=\"\"><i class=\"fas fa-circle\"><\/i><\/span><\/div>\n<\/td>\n<td>\u00c9pic\u00e9\/Bois\u00e9<\/td>\n<td><div class=\"progress_icons  transparent\" data-active=\"2\" data-color=\"\"><span class=\"progress_icon\" style=\"\"><i class=\"fas fa-circle\"><\/i><\/span><span class=\"progress_icon\" style=\"\"><i class=\"fas fa-circle\"><\/i><\/span><span class=\"progress_icon\" style=\"\"><i class=\"fas fa-circle\"><\/i><\/span><span class=\"progress_icon\" style=\"\"><i class=\"fas fa-circle\"><\/i><\/span><span class=\"progress_icon\" style=\"\"><i class=\"fas fa-circle\"><\/i><\/span><\/div>\n<\/td>\n<\/tr>\n<tr>\n<td>Floral<\/td>\n<td><div class=\"progress_icons  transparent\" data-active=\"2\" data-color=\"\"><span class=\"progress_icon\" style=\"\"><i class=\"fas fa-circle\"><\/i><\/span><span class=\"progress_icon\" style=\"\"><i class=\"fas fa-circle\"><\/i><\/span><span class=\"progress_icon\" style=\"\"><i class=\"fas fa-circle\"><\/i><\/span><span class=\"progress_icon\" style=\"\"><i class=\"fas fa-circle\"><\/i><\/span><span class=\"progress_icon\" style=\"\"><i class=\"fas fa-circle\"><\/i><\/span><\/div>\n<\/td>\n<td>Min\u00e9ral<\/td>\n<td><div class=\"progress_icons  transparent\" data-active=\"2\" data-color=\"\"><span class=\"progress_icon\" style=\"\"><i class=\"fas fa-circle\"><\/i><\/span><span class=\"progress_icon\" style=\"\"><i class=\"fas fa-circle\"><\/i><\/span><span class=\"progress_icon\" style=\"\"><i class=\"fas fa-circle\"><\/i><\/span><span class=\"progress_icon\" style=\"\"><i class=\"fas fa-circle\"><\/i><\/span><span class=\"progress_icon\" style=\"\"><i class=\"fas fa-circle\"><\/i><\/span><\/div>\n<\/td>\n<\/tr>\n<\/tbody>\n<\/table>","protected":false},"excerpt":{"rendered":"<p>Le Haut-M\u00e9doc de Dauzac 2019 est un excellent vin rouge de Bordeaux qui permet de d\u00e9couvrir l&rsquo;expertise d&rsquo;un Grand Cru Class\u00e9 \u00e0 un prix tr\u00e8s accessible. Issu d&rsquo;un mill\u00e9sime d&rsquo;un \u00e9quilibre absolu, ce vin certifi\u00e9 Vegan se montre particuli\u00e8rement charmeur. Le nez d\u00e9voile des ar\u00f4mes croquants de fruits noirs comme le cassis et la m\u00fbre, rehauss\u00e9s par de fines notes \u00e9pic\u00e9es et torr\u00e9fi\u00e9es. En bouche, la texture est souple et charnue. Les tanins sont parfaitement m\u00fbrs et velout\u00e9s, portant une finale fra\u00eeche et tr\u00e8s gourmande. C&rsquo;est un superbe achat vin pour les amateurs \u00e0 la recherche d&rsquo;une bouteille de la Rive Gauche pr\u00eate \u00e0 \u00eatre d\u00e9gust\u00e9e mais tout \u00e0 fait capable de vieillir.<\/p>","protected":false},"featured_media":5033,"comment_status":"open","ping_status":"closed","template":"","meta":{"_acf_changed":false},"product_brand":[77,306],"product_cat":[670,677],"product_tag":[925,929,926],"class_list":{"0":"post-1565","1":"product","2":"type-product","3":"status-publish","4":"has-post-thumbnail","6":"product_brand-chateau-dauzac","7":"product_brand-le-haut-medoc-de-dauzac","8":"product_cat-bordeaux","9":"product_cat-haut-medoc-medoc","10":"product_tag-a-boire-maintenant","11":"product_tag-fruite-souple","12":"product_tag-vins-de-garde","13":"pa_appellation-haut-medoc-aoc","14":"pa_conditionnement-1x75cl","15":"pa_conditionnement-carton-de-6-bouteilles-75","16":"pa_conditionnement-1x1-5l","17":"pa_couleur-rouge","18":"pa_format-15l","19":"pa_format-75cl","20":"pa_millesime-747","21":"pa_region-bordeaux","23":"first","24":"instock","25":"taxable","26":"shipping-taxable","27":"purchasable","28":"product-type-variable","29":"has-default-attributes"},"acf":[],"_links":{"self":[{"href":"https:\/\/montagnac.com\/en\/wp-json\/wp\/v2\/product\/1565","targetHints":{"allow":["GET"]}}],"collection":[{"href":"https:\/\/montagnac.com\/en\/wp-json\/wp\/v2\/product"}],"about":[{"href":"https:\/\/montagnac.com\/en\/wp-json\/wp\/v2\/types\/product"}],"replies":[{"embeddable":true,"href":"https:\/\/montagnac.com\/en\/wp-json\/wp\/v2\/comments?post=1565"}],"wp:featuredmedia":[{"embeddable":true,"href":"https:\/\/montagnac.com\/en\/wp-json\/wp\/v2\/media\/5033"}],"wp:attachment":[{"href":"https:\/\/montagnac.com\/en\/wp-json\/wp\/v2\/media?parent=1565"}],"wp:term":[{"taxonomy":"product_brand","embeddable":true,"href":"https:\/\/montagnac.com\/en\/wp-json\/wp\/v2\/product_brand?post=1565"},{"taxonomy":"product_cat","embeddable":true,"href":"https:\/\/montagnac.com\/en\/wp-json\/wp\/v2\/product_cat?post=1565"},{"taxonomy":"product_tag","embeddable":true,"href":"https:\/\/montagnac.com\/en\/wp-json\/wp\/v2\/product_tag?post=1565"}],"curies":[{"name":"wp","href":"https:\/\/api.w.org\/{rel}","templated":true}]}}