




{"id":1721,"date":"2023-02-23T09:51:47","date_gmt":"2023-02-23T09:51:47","guid":{"rendered":"https:\/\/montagnac.com\/?product=chateau-dauzac-2018"},"modified":"2026-04-07T09:51:49","modified_gmt":"2026-04-07T08:51:49","slug":"chateau-dauzac-2018","status":"publish","type":"product","link":"https:\/\/montagnac.com\/en\/product\/chateau-dauzac-2018\/","title":{"rendered":"Ch\u00e2teau Dauzac 2018"},"content":{"rendered":"<table>\n<tbody>\n<tr>\n<td>Fruit\u00e9<\/td>\n<td><div class=\"progress_icons  transparent\" data-active=\"5\" data-color=\"\"><span class=\"progress_icon\" style=\"\"><i class=\"fas fa-circle\"><\/i><\/span><span class=\"progress_icon\" style=\"\"><i class=\"fas fa-circle\"><\/i><\/span><span class=\"progress_icon\" style=\"\"><i class=\"fas fa-circle\"><\/i><\/span><span class=\"progress_icon\" style=\"\"><i class=\"fas fa-circle\"><\/i><\/span><span class=\"progress_icon\" style=\"\"><i class=\"fas fa-circle\"><\/i><\/span><\/div>\n<\/td>\n<td>\u00c9pic\u00e9\/Bois\u00e9<\/td>\n<td><div class=\"progress_icons  transparent\" data-active=\"4\" data-color=\"\"><span class=\"progress_icon\" style=\"\"><i class=\"fas fa-circle\"><\/i><\/span><span class=\"progress_icon\" style=\"\"><i class=\"fas fa-circle\"><\/i><\/span><span class=\"progress_icon\" style=\"\"><i class=\"fas fa-circle\"><\/i><\/span><span class=\"progress_icon\" style=\"\"><i class=\"fas fa-circle\"><\/i><\/span><span class=\"progress_icon\" style=\"\"><i class=\"fas fa-circle\"><\/i><\/span><\/div>\n<\/td>\n<\/tr>\n<tr>\n<td>Floral<\/td>\n<td><div class=\"progress_icons  transparent\" data-active=\"3\" data-color=\"\"><span class=\"progress_icon\" style=\"\"><i class=\"fas fa-circle\"><\/i><\/span><span class=\"progress_icon\" style=\"\"><i class=\"fas fa-circle\"><\/i><\/span><span class=\"progress_icon\" style=\"\"><i class=\"fas fa-circle\"><\/i><\/span><span class=\"progress_icon\" style=\"\"><i class=\"fas fa-circle\"><\/i><\/span><span class=\"progress_icon\" style=\"\"><i class=\"fas fa-circle\"><\/i><\/span><\/div>\n<\/td>\n<td>Min\u00e9ral<\/td>\n<td><div class=\"progress_icons  transparent\" data-active=\"3\" data-color=\"\"><span class=\"progress_icon\" style=\"\"><i class=\"fas fa-circle\"><\/i><\/span><span class=\"progress_icon\" style=\"\"><i class=\"fas fa-circle\"><\/i><\/span><span class=\"progress_icon\" style=\"\"><i class=\"fas fa-circle\"><\/i><\/span><span class=\"progress_icon\" style=\"\"><i class=\"fas fa-circle\"><\/i><\/span><span class=\"progress_icon\" style=\"\"><i class=\"fas fa-circle\"><\/i><\/span><\/div>\n<\/td>\n<\/tr>\n<\/tbody>\n<\/table>","protected":false},"excerpt":{"rendered":"<p>Le Ch\u00e2teau Dauzac 2018 est un Margaux solaire et s\u00e9ducteur, reflet d&rsquo;un mill\u00e9sime de contrastes extr\u00eames. Ce 5\u00e8me Grand Cru Class\u00e9, certifi\u00e9 Vegan, offre une interpr\u00e9tation moderne et gourmande de l&rsquo;appellation. Le nez est puissant, domin\u00e9 par des ar\u00f4mes de fruits noirs confitur\u00e9s (cassis, m\u00fbre), de chocolat et d&rsquo;\u00e9pices douces. En bouche, la mati\u00e8re est riche et onctueuse, structur\u00e9e par des tanins m\u00fbrs et enrob\u00e9s, conservant une belle tension finale. C&rsquo;est un vin \u00ab\u00a0plaisir\u00a0\u00bb imm\u00e9diat qui poss\u00e8de n\u00e9anmoins le fond pour vieillir admirablement.<\/p>","protected":false},"featured_media":4986,"comment_status":"open","ping_status":"closed","template":"","meta":{"_acf_changed":false},"product_brand":[77],"product_cat":[670,682],"product_tag":[935,927,928,926],"class_list":{"0":"post-1721","1":"product","2":"type-product","3":"status-publish","4":"has-post-thumbnail","6":"product_brand-chateau-dauzac","7":"product_cat-bordeaux","8":"product_cat-margaux","9":"product_tag-90-parker","10":"product_tag-a-offrir","11":"product_tag-puissant-tannique","12":"product_tag-vins-de-garde","13":"pa_appellation-margaux-aoc","14":"pa_classement-grand-cru-classe-en-1855","15":"pa_conditionnement-1x75cl","16":"pa_conditionnement-1x3l","17":"pa_conditionnement-1x1-5l","18":"pa_couleur-rouge","19":"pa_format-15l","20":"pa_format-3l","21":"pa_format-75cl","22":"pa_millesime-737","23":"pa_region-bordeaux","25":"first","26":"instock","27":"taxable","28":"shipping-taxable","29":"purchasable","30":"product-type-variable","31":"has-default-attributes"},"acf":[],"_links":{"self":[{"href":"https:\/\/montagnac.com\/en\/wp-json\/wp\/v2\/product\/1721","targetHints":{"allow":["GET"]}}],"collection":[{"href":"https:\/\/montagnac.com\/en\/wp-json\/wp\/v2\/product"}],"about":[{"href":"https:\/\/montagnac.com\/en\/wp-json\/wp\/v2\/types\/product"}],"replies":[{"embeddable":true,"href":"https:\/\/montagnac.com\/en\/wp-json\/wp\/v2\/comments?post=1721"}],"wp:featuredmedia":[{"embeddable":true,"href":"https:\/\/montagnac.com\/en\/wp-json\/wp\/v2\/media\/4986"}],"wp:attachment":[{"href":"https:\/\/montagnac.com\/en\/wp-json\/wp\/v2\/media?parent=1721"}],"wp:term":[{"taxonomy":"product_brand","embeddable":true,"href":"https:\/\/montagnac.com\/en\/wp-json\/wp\/v2\/product_brand?post=1721"},{"taxonomy":"product_cat","embeddable":true,"href":"https:\/\/montagnac.com\/en\/wp-json\/wp\/v2\/product_cat?post=1721"},{"taxonomy":"product_tag","embeddable":true,"href":"https:\/\/montagnac.com\/en\/wp-json\/wp\/v2\/product_tag?post=1721"}],"curies":[{"name":"wp","href":"https:\/\/api.w.org\/{rel}","templated":true}]}}