




{"id":2685,"date":"2023-02-23T09:54:18","date_gmt":"2023-02-23T09:54:18","guid":{"rendered":"https:\/\/montagnac.com\/?product=chateau-clos-de-sarpe-2009"},"modified":"2026-04-27T14:52:47","modified_gmt":"2026-04-27T13:52:47","slug":"chateau-clos-de-sarpe-2009","status":"publish","type":"product","link":"https:\/\/montagnac.com\/en\/product\/chateau-clos-de-sarpe-2009\/","title":{"rendered":"Ch\u00e2teau Clos de Sarpe 2009"},"content":{"rendered":"<table>\n<tbody>\n<tr>\n<td>Fruit\u00e9<\/td>\n<td><div class=\"progress_icons  transparent\" data-active=\"5\" data-color=\"\"><span class=\"progress_icon\" style=\"\"><i class=\"fas fa-circle\"><\/i><\/span><span class=\"progress_icon\" style=\"\"><i class=\"fas fa-circle\"><\/i><\/span><span class=\"progress_icon\" style=\"\"><i class=\"fas fa-circle\"><\/i><\/span><span class=\"progress_icon\" style=\"\"><i class=\"fas fa-circle\"><\/i><\/span><span class=\"progress_icon\" style=\"\"><i class=\"fas fa-circle\"><\/i><\/span><\/div>\n<\/td>\n<td>\u00c9pic\u00e9\/Bois\u00e9<\/td>\n<td><div class=\"progress_icons  transparent\" data-active=\"5\" data-color=\"\"><span class=\"progress_icon\" style=\"\"><i class=\"fas fa-circle\"><\/i><\/span><span class=\"progress_icon\" style=\"\"><i class=\"fas fa-circle\"><\/i><\/span><span class=\"progress_icon\" style=\"\"><i class=\"fas fa-circle\"><\/i><\/span><span class=\"progress_icon\" style=\"\"><i class=\"fas fa-circle\"><\/i><\/span><span class=\"progress_icon\" style=\"\"><i class=\"fas fa-circle\"><\/i><\/span><\/div>\n<\/td>\n<\/tr>\n<tr>\n<td>Floral<\/td>\n<td><div class=\"progress_icons  transparent\" data-active=\"2\" data-color=\"\"><span class=\"progress_icon\" style=\"\"><i class=\"fas fa-circle\"><\/i><\/span><span class=\"progress_icon\" style=\"\"><i class=\"fas fa-circle\"><\/i><\/span><span class=\"progress_icon\" style=\"\"><i class=\"fas fa-circle\"><\/i><\/span><span class=\"progress_icon\" style=\"\"><i class=\"fas fa-circle\"><\/i><\/span><span class=\"progress_icon\" style=\"\"><i class=\"fas fa-circle\"><\/i><\/span><\/div>\n<\/td>\n<td>Min\u00e9ral<\/td>\n<td><div class=\"progress_icons  transparent\" data-active=\"3\" data-color=\"\"><span class=\"progress_icon\" style=\"\"><i class=\"fas fa-circle\"><\/i><\/span><span class=\"progress_icon\" style=\"\"><i class=\"fas fa-circle\"><\/i><\/span><span class=\"progress_icon\" style=\"\"><i class=\"fas fa-circle\"><\/i><\/span><span class=\"progress_icon\" style=\"\"><i class=\"fas fa-circle\"><\/i><\/span><span class=\"progress_icon\" style=\"\"><i class=\"fas fa-circle\"><\/i><\/span><\/div>\n<\/td>\n<\/tr>\n<\/tbody>\n<\/table>","protected":false},"excerpt":{"rendered":"<p>Le Ch\u00e2teau Clos de Sarpe 2009 est un vin rouge de Bordeaux monumental qui incarne toute la d\u00e9mesure et la puissance de ce mill\u00e9sime solaire \u00e0 Saint-\u00c9milion. Grand Cru Class\u00e9 au caract\u00e8re bien tremp\u00e9, ce vin \u00e0 la production confidentielle offre une exp\u00e9rience de d\u00e9gustation hors du commun pour un achat vin d&rsquo;exception. Le nez est explosif, d\u00e9voilant des ar\u00f4mes intenses de fruits noirs confitur\u00e9s (m\u00fbre, cassis), de truffe, de vanille et de c\u00e8dre. En bouche, la mati\u00e8re est d&rsquo;une densit\u00e9 incroyable. C&rsquo;est un vin opulent, riche et charnu, soutenu par une structure tannique massive mais parfaitement m\u00fbre. La longue finale laisse une impression de force pure, ravissant les amateurs de crus d&rsquo;une grande envergure.<\/p>","protected":false},"featured_media":8099,"comment_status":"open","ping_status":"closed","template":"","meta":{"_acf_changed":false},"product_brand":[65],"product_cat":[670,681],"product_tag":[935,927,934,926],"class_list":{"0":"post-2685","1":"product","2":"type-product","3":"status-publish","4":"has-post-thumbnail","6":"product_brand-chateau-clos-de-sarpe","7":"product_cat-bordeaux","8":"product_cat-saint-emilion-satellites","9":"product_tag-90-parker","10":"product_tag-a-offrir","11":"product_tag-bio","12":"product_tag-vins-de-garde","13":"pa_appellation-saint-emilion-aoc","14":"pa_classement-grand-cru-classe","15":"pa_conditionnement-1x75cl","16":"pa_conditionnement-caisse-bois-de-12-bouteilles-75","17":"pa_couleur-rouge","18":"pa_format-75cl","19":"pa_millesime-798","20":"pa_region-bordeaux","22":"first","23":"instock","24":"taxable","25":"shipping-taxable","26":"purchasable","27":"product-type-variable","28":"has-default-attributes"},"acf":[],"_links":{"self":[{"href":"https:\/\/montagnac.com\/en\/wp-json\/wp\/v2\/product\/2685","targetHints":{"allow":["GET"]}}],"collection":[{"href":"https:\/\/montagnac.com\/en\/wp-json\/wp\/v2\/product"}],"about":[{"href":"https:\/\/montagnac.com\/en\/wp-json\/wp\/v2\/types\/product"}],"replies":[{"embeddable":true,"href":"https:\/\/montagnac.com\/en\/wp-json\/wp\/v2\/comments?post=2685"}],"wp:featuredmedia":[{"embeddable":true,"href":"https:\/\/montagnac.com\/en\/wp-json\/wp\/v2\/media\/8099"}],"wp:attachment":[{"href":"https:\/\/montagnac.com\/en\/wp-json\/wp\/v2\/media?parent=2685"}],"wp:term":[{"taxonomy":"product_brand","embeddable":true,"href":"https:\/\/montagnac.com\/en\/wp-json\/wp\/v2\/product_brand?post=2685"},{"taxonomy":"product_cat","embeddable":true,"href":"https:\/\/montagnac.com\/en\/wp-json\/wp\/v2\/product_cat?post=2685"},{"taxonomy":"product_tag","embeddable":true,"href":"https:\/\/montagnac.com\/en\/wp-json\/wp\/v2\/product_tag?post=2685"}],"curies":[{"name":"wp","href":"https:\/\/api.w.org\/{rel}","templated":true}]}}