




{"id":5643,"date":"2025-09-18T11:11:44","date_gmt":"2025-09-18T11:11:44","guid":{"rendered":"https:\/\/montagnac.com\/?post_type=product&#038;p=5643"},"modified":"2026-04-07T00:51:37","modified_gmt":"2026-04-06T23:51:37","slug":"chateau-figeac-2009","status":"publish","type":"product","link":"https:\/\/montagnac.com\/en\/product\/chateau-figeac-2009\/","title":{"rendered":"Ch\u00e2teau Figeac 2009"},"content":{"rendered":"<table>\n<tbody>\n<tr>\n<td>Fruit\u00e9<\/td>\n<td><div class=\"progress_icons  transparent\" data-active=\"5\" data-color=\"\"><span class=\"progress_icon\" style=\"\"><i class=\"fas fa-circle\"><\/i><\/span><span class=\"progress_icon\" style=\"\"><i class=\"fas fa-circle\"><\/i><\/span><span class=\"progress_icon\" style=\"\"><i class=\"fas fa-circle\"><\/i><\/span><span class=\"progress_icon\" style=\"\"><i class=\"fas fa-circle\"><\/i><\/span><span class=\"progress_icon\" style=\"\"><i class=\"fas fa-circle\"><\/i><\/span><\/div>\n<\/td>\n<td>\u00c9pic\u00e9\/Bois\u00e9<\/td>\n<td><div class=\"progress_icons  transparent\" data-active=\"5\" data-color=\"\"><span class=\"progress_icon\" style=\"\"><i class=\"fas fa-circle\"><\/i><\/span><span class=\"progress_icon\" style=\"\"><i class=\"fas fa-circle\"><\/i><\/span><span class=\"progress_icon\" style=\"\"><i class=\"fas fa-circle\"><\/i><\/span><span class=\"progress_icon\" style=\"\"><i class=\"fas fa-circle\"><\/i><\/span><span class=\"progress_icon\" style=\"\"><i class=\"fas fa-circle\"><\/i><\/span><\/div>\n<\/td>\n<\/tr>\n<tr>\n<td>Floral<\/td>\n<td><div class=\"progress_icons  transparent\" data-active=\"4\" data-color=\"\"><span class=\"progress_icon\" style=\"\"><i class=\"fas fa-circle\"><\/i><\/span><span class=\"progress_icon\" style=\"\"><i class=\"fas fa-circle\"><\/i><\/span><span class=\"progress_icon\" style=\"\"><i class=\"fas fa-circle\"><\/i><\/span><span class=\"progress_icon\" style=\"\"><i class=\"fas fa-circle\"><\/i><\/span><span class=\"progress_icon\" style=\"\"><i class=\"fas fa-circle\"><\/i><\/span><\/div>\n<\/td>\n<td>Min\u00e9ral<\/td>\n<td><div class=\"progress_icons  transparent\" data-active=\"4\" data-color=\"\"><span class=\"progress_icon\" style=\"\"><i class=\"fas fa-circle\"><\/i><\/span><span class=\"progress_icon\" style=\"\"><i class=\"fas fa-circle\"><\/i><\/span><span class=\"progress_icon\" style=\"\"><i class=\"fas fa-circle\"><\/i><\/span><span class=\"progress_icon\" style=\"\"><i class=\"fas fa-circle\"><\/i><\/span><span class=\"progress_icon\" style=\"\"><i class=\"fas fa-circle\"><\/i><\/span><\/div>\n<\/td>\n<\/tr>\n<\/tbody>\n<\/table>","protected":false},"excerpt":{"rendered":"<p>La splendeur h\u00e9doniste du mill\u00e9sime 2009 alli\u00e9e \u00e0 l&rsquo;architecture de Figeac ; un vin d&rsquo;une richesse opulente, aux ar\u00f4mes de fruits noirs confits et \u00e0 la structure velout\u00e9e et somptueuse.<\/p>","protected":false},"featured_media":5644,"comment_status":"open","ping_status":"closed","template":"","meta":{"_acf_changed":false},"product_brand":[406],"product_cat":[670,681],"product_tag":[935,930,926],"class_list":{"0":"post-5643","1":"product","2":"type-product","3":"status-publish","4":"has-post-thumbnail","6":"product_brand-chateau-figeac","7":"product_cat-bordeaux","8":"product_cat-saint-emilion-satellites","9":"product_tag-90-parker","10":"product_tag-boise-elegant","11":"product_tag-vins-de-garde","12":"pa_appellation-saint-emilion-aoc","13":"pa_classement-1er-grand-cru-classe","14":"pa_conditionnement-1x75cl","15":"pa_couleur-rouge","16":"pa_format-75cl","17":"pa_millesime-798","18":"pa_region-bordeaux","20":"first","21":"outofstock","22":"taxable","23":"shipping-taxable","24":"purchasable","25":"product-type-variable","26":"has-default-attributes"},"acf":[],"_links":{"self":[{"href":"https:\/\/montagnac.com\/en\/wp-json\/wp\/v2\/product\/5643","targetHints":{"allow":["GET"]}}],"collection":[{"href":"https:\/\/montagnac.com\/en\/wp-json\/wp\/v2\/product"}],"about":[{"href":"https:\/\/montagnac.com\/en\/wp-json\/wp\/v2\/types\/product"}],"replies":[{"embeddable":true,"href":"https:\/\/montagnac.com\/en\/wp-json\/wp\/v2\/comments?post=5643"}],"wp:featuredmedia":[{"embeddable":true,"href":"https:\/\/montagnac.com\/en\/wp-json\/wp\/v2\/media\/5644"}],"wp:attachment":[{"href":"https:\/\/montagnac.com\/en\/wp-json\/wp\/v2\/media?parent=5643"}],"wp:term":[{"taxonomy":"product_brand","embeddable":true,"href":"https:\/\/montagnac.com\/en\/wp-json\/wp\/v2\/product_brand?post=5643"},{"taxonomy":"product_cat","embeddable":true,"href":"https:\/\/montagnac.com\/en\/wp-json\/wp\/v2\/product_cat?post=5643"},{"taxonomy":"product_tag","embeddable":true,"href":"https:\/\/montagnac.com\/en\/wp-json\/wp\/v2\/product_tag?post=5643"}],"curies":[{"name":"wp","href":"https:\/\/api.w.org\/{rel}","templated":true}]}}