




{"id":6346,"date":"2025-10-22T08:56:36","date_gmt":"2025-10-22T06:56:36","guid":{"rendered":"https:\/\/montagnac.com\/?post_type=product&#038;p=6346"},"modified":"2026-04-07T08:52:46","modified_gmt":"2026-04-07T07:52:46","slug":"chateau-lynch-bages-2022","status":"publish","type":"product","link":"https:\/\/montagnac.com\/en\/product\/chateau-lynch-bages-2022\/","title":{"rendered":"Ch\u00e2teau Lynch-Bages 2022"},"content":{"rendered":"<table>\n<tbody>\n<tr>\n<td>Fruit\u00e9<\/td>\n<td><div class=\"progress_icons  transparent\" data-active=\"5\" data-color=\"\"><span class=\"progress_icon\" style=\"\"><i class=\"fas fa-circle\"><\/i><\/span><span class=\"progress_icon\" style=\"\"><i class=\"fas fa-circle\"><\/i><\/span><span class=\"progress_icon\" style=\"\"><i class=\"fas fa-circle\"><\/i><\/span><span class=\"progress_icon\" style=\"\"><i class=\"fas fa-circle\"><\/i><\/span><span class=\"progress_icon\" style=\"\"><i class=\"fas fa-circle\"><\/i><\/span><\/div>\n<\/td>\n<td>\u00c9pic\u00e9\/Bois\u00e9<\/td>\n<td><div class=\"progress_icons  transparent\" data-active=\"4\" data-color=\"\"><span class=\"progress_icon\" style=\"\"><i class=\"fas fa-circle\"><\/i><\/span><span class=\"progress_icon\" style=\"\"><i class=\"fas fa-circle\"><\/i><\/span><span class=\"progress_icon\" style=\"\"><i class=\"fas fa-circle\"><\/i><\/span><span class=\"progress_icon\" style=\"\"><i class=\"fas fa-circle\"><\/i><\/span><span class=\"progress_icon\" style=\"\"><i class=\"fas fa-circle\"><\/i><\/span><\/div>\n<\/td>\n<\/tr>\n<tr>\n<td>Floral<\/td>\n<td><div class=\"progress_icons  transparent\" data-active=\"2\" data-color=\"\"><span class=\"progress_icon\" style=\"\"><i class=\"fas fa-circle\"><\/i><\/span><span class=\"progress_icon\" style=\"\"><i class=\"fas fa-circle\"><\/i><\/span><span class=\"progress_icon\" style=\"\"><i class=\"fas fa-circle\"><\/i><\/span><span class=\"progress_icon\" style=\"\"><i class=\"fas fa-circle\"><\/i><\/span><span class=\"progress_icon\" style=\"\"><i class=\"fas fa-circle\"><\/i><\/span><\/div>\n<\/td>\n<td>Min\u00e9ral<\/td>\n<td><div class=\"progress_icons  transparent\" data-active=\"3\" data-color=\"\"><span class=\"progress_icon\" style=\"\"><i class=\"fas fa-circle\"><\/i><\/span><span class=\"progress_icon\" style=\"\"><i class=\"fas fa-circle\"><\/i><\/span><span class=\"progress_icon\" style=\"\"><i class=\"fas fa-circle\"><\/i><\/span><span class=\"progress_icon\" style=\"\"><i class=\"fas fa-circle\"><\/i><\/span><span class=\"progress_icon\" style=\"\"><i class=\"fas fa-circle\"><\/i><\/span><\/div>\n<\/td>\n<\/tr>\n<\/tbody>\n<\/table>","protected":false},"excerpt":{"rendered":"<p>Un Pauillac massif et raffin\u00e9 promis \u00e0 un grand avenir. Le Lynch-Bages 2022 se pr\u00e9sente dans une robe pourpre profonde. Le nez intense offre des notes de cassis m\u00fbr, de m\u00fbre et de prune, relev\u00e9es par le graphite et le poivre. La bouche est ample, puissante, avec une mati\u00e8re dense et velout\u00e9e. Les tanins sont pr\u00e9cis et \u00e9quilibr\u00e9s par une fra\u00eecheur surprenante.<\/p>","protected":false},"featured_media":6349,"comment_status":"open","ping_status":"closed","template":"","meta":{"_acf_changed":false},"product_brand":[459],"product_cat":[670,684],"product_tag":[935,927,928,926],"class_list":{"0":"post-6346","1":"product","2":"type-product","3":"status-publish","4":"has-post-thumbnail","6":"product_brand-chateau-lynch-bages","7":"product_cat-bordeaux","8":"product_cat-pauillac","9":"product_tag-90-parker","10":"product_tag-a-offrir","11":"product_tag-puissant-tannique","12":"product_tag-vins-de-garde","13":"pa_appellation-pauillac-aoc","14":"pa_conditionnement-1x75cl","15":"pa_conditionnement-caisse-bois-de-6-bouteilles-75","16":"pa_couleur-rouge","17":"pa_format-75cl","18":"pa_millesime-770","19":"pa_region-bordeaux","21":"first","22":"outofstock","23":"taxable","24":"shipping-taxable","25":"purchasable","26":"product-type-variable","27":"has-default-attributes"},"acf":[],"_links":{"self":[{"href":"https:\/\/montagnac.com\/en\/wp-json\/wp\/v2\/product\/6346","targetHints":{"allow":["GET"]}}],"collection":[{"href":"https:\/\/montagnac.com\/en\/wp-json\/wp\/v2\/product"}],"about":[{"href":"https:\/\/montagnac.com\/en\/wp-json\/wp\/v2\/types\/product"}],"replies":[{"embeddable":true,"href":"https:\/\/montagnac.com\/en\/wp-json\/wp\/v2\/comments?post=6346"}],"wp:featuredmedia":[{"embeddable":true,"href":"https:\/\/montagnac.com\/en\/wp-json\/wp\/v2\/media\/6349"}],"wp:attachment":[{"href":"https:\/\/montagnac.com\/en\/wp-json\/wp\/v2\/media?parent=6346"}],"wp:term":[{"taxonomy":"product_brand","embeddable":true,"href":"https:\/\/montagnac.com\/en\/wp-json\/wp\/v2\/product_brand?post=6346"},{"taxonomy":"product_cat","embeddable":true,"href":"https:\/\/montagnac.com\/en\/wp-json\/wp\/v2\/product_cat?post=6346"},{"taxonomy":"product_tag","embeddable":true,"href":"https:\/\/montagnac.com\/en\/wp-json\/wp\/v2\/product_tag?post=6346"}],"curies":[{"name":"wp","href":"https:\/\/api.w.org\/{rel}","templated":true}]}}