




{"id":6817,"date":"2025-10-28T18:00:27","date_gmt":"2025-10-28T16:00:27","guid":{"rendered":"https:\/\/montagnac.com\/?post_type=product&#038;p=6817"},"modified":"2026-04-10T11:51:43","modified_gmt":"2026-04-10T10:51:43","slug":"chateau-haut-maurin-2022","status":"publish","type":"product","link":"https:\/\/montagnac.com\/en\/product\/chateau-haut-maurin-2022\/","title":{"rendered":"Ch\u00e2teau Haut-Maurin 2022"},"content":{"rendered":"<table>\n<tbody>\n<tr>\n<td>Fruit\u00e9<\/td>\n<td><div class=\"progress_icons  transparent\" data-active=\"5\" data-color=\"\"><span class=\"progress_icon\" style=\"\"><i class=\"fas fa-circle\"><\/i><\/span><span class=\"progress_icon\" style=\"\"><i class=\"fas fa-circle\"><\/i><\/span><span class=\"progress_icon\" style=\"\"><i class=\"fas fa-circle\"><\/i><\/span><span class=\"progress_icon\" style=\"\"><i class=\"fas fa-circle\"><\/i><\/span><span class=\"progress_icon\" style=\"\"><i class=\"fas fa-circle\"><\/i><\/span><\/div>\n<\/td>\n<td>\u00c9pic\u00e9\/Bois\u00e9<\/td>\n<td><div class=\"progress_icons  transparent\" data-active=\"2\" data-color=\"\"><span class=\"progress_icon\" style=\"\"><i class=\"fas fa-circle\"><\/i><\/span><span class=\"progress_icon\" style=\"\"><i class=\"fas fa-circle\"><\/i><\/span><span class=\"progress_icon\" style=\"\"><i class=\"fas fa-circle\"><\/i><\/span><span class=\"progress_icon\" style=\"\"><i class=\"fas fa-circle\"><\/i><\/span><span class=\"progress_icon\" style=\"\"><i class=\"fas fa-circle\"><\/i><\/span><\/div>\n<\/td>\n<\/tr>\n<tr>\n<td>Floral<\/td>\n<td><div class=\"progress_icons  transparent\" data-active=\"1\" data-color=\"\"><span class=\"progress_icon\" style=\"\"><i class=\"fas fa-circle\"><\/i><\/span><span class=\"progress_icon\" style=\"\"><i class=\"fas fa-circle\"><\/i><\/span><span class=\"progress_icon\" style=\"\"><i class=\"fas fa-circle\"><\/i><\/span><span class=\"progress_icon\" style=\"\"><i class=\"fas fa-circle\"><\/i><\/span><span class=\"progress_icon\" style=\"\"><i class=\"fas fa-circle\"><\/i><\/span><\/div>\n<\/td>\n<td>Min\u00e9ral<\/td>\n<td><div class=\"progress_icons  transparent\" data-active=\"2\" data-color=\"\"><span class=\"progress_icon\" style=\"\"><i class=\"fas fa-circle\"><\/i><\/span><span class=\"progress_icon\" style=\"\"><i class=\"fas fa-circle\"><\/i><\/span><span class=\"progress_icon\" style=\"\"><i class=\"fas fa-circle\"><\/i><\/span><span class=\"progress_icon\" style=\"\"><i class=\"fas fa-circle\"><\/i><\/span><span class=\"progress_icon\" style=\"\"><i class=\"fas fa-circle\"><\/i><\/span><\/div>\n<\/td>\n<\/tr>\n<\/tbody>\n<\/table>","protected":false},"excerpt":{"rendered":"<p>Un Bordeaux solaire et g\u00e9n\u00e9reux, parfait reflet du mill\u00e9sime 2022. Le nez intense de fruits noirs et rouges m\u00fbrs pr\u00e9c\u00e8de une bouche ample et charnue. La structure est port\u00e9e par des tanins souples et bien int\u00e9gr\u00e9s, offrant un vin d&rsquo;une grande gourmandise et d&rsquo;un \u00e9quilibre remarquable pour sa puissance.<\/p>","protected":false},"featured_media":6818,"comment_status":"open","ping_status":"closed","template":"","meta":{"_acf_changed":false},"product_brand":[142],"product_cat":[670,710],"product_tag":[925,929],"class_list":{"0":"post-6817","1":"product","2":"type-product","3":"status-publish","4":"has-post-thumbnail","6":"product_brand-chateau-haut-maurin","7":"product_cat-bordeaux","8":"product_cat-bordeaux-rouge","9":"product_tag-a-boire-maintenant","10":"product_tag-fruite-souple","11":"pa_appellation-bordeaux-superieur-rouge-aoc","12":"pa_conditionnement-1x75cl","13":"pa_conditionnement-carton-de-6-bouteilles-75","14":"pa_couleur-rouge","15":"pa_format-75cl","16":"pa_millesime-770","17":"pa_region-bordeaux","19":"first","20":"instock","21":"taxable","22":"shipping-taxable","23":"purchasable","24":"product-type-variable","25":"has-default-attributes"},"acf":[],"_links":{"self":[{"href":"https:\/\/montagnac.com\/en\/wp-json\/wp\/v2\/product\/6817","targetHints":{"allow":["GET"]}}],"collection":[{"href":"https:\/\/montagnac.com\/en\/wp-json\/wp\/v2\/product"}],"about":[{"href":"https:\/\/montagnac.com\/en\/wp-json\/wp\/v2\/types\/product"}],"replies":[{"embeddable":true,"href":"https:\/\/montagnac.com\/en\/wp-json\/wp\/v2\/comments?post=6817"}],"wp:featuredmedia":[{"embeddable":true,"href":"https:\/\/montagnac.com\/en\/wp-json\/wp\/v2\/media\/6818"}],"wp:attachment":[{"href":"https:\/\/montagnac.com\/en\/wp-json\/wp\/v2\/media?parent=6817"}],"wp:term":[{"taxonomy":"product_brand","embeddable":true,"href":"https:\/\/montagnac.com\/en\/wp-json\/wp\/v2\/product_brand?post=6817"},{"taxonomy":"product_cat","embeddable":true,"href":"https:\/\/montagnac.com\/en\/wp-json\/wp\/v2\/product_cat?post=6817"},{"taxonomy":"product_tag","embeddable":true,"href":"https:\/\/montagnac.com\/en\/wp-json\/wp\/v2\/product_tag?post=6817"}],"curies":[{"name":"wp","href":"https:\/\/api.w.org\/{rel}","templated":true}]}}