




{"id":7777,"date":"2026-01-19T15:06:18","date_gmt":"2026-01-19T14:06:18","guid":{"rendered":"https:\/\/montagnac.com\/?post_type=product&#038;p=7777"},"modified":"2026-04-06T15:51:37","modified_gmt":"2026-04-06T14:51:37","slug":"chateau-les-carmes-haut-brion-2016","status":"publish","type":"product","link":"https:\/\/montagnac.com\/en\/product\/chateau-les-carmes-haut-brion-2016\/","title":{"rendered":"Ch\u00e2teau Les Carmes Haut-Brion 2016"},"content":{"rendered":"<table>\n<tbody>\n<tr>\n<td>Fruit\u00e9<\/td>\n<td><div class=\"progress_icons  transparent\" data-active=\"4\" data-color=\"\"><span class=\"progress_icon\" style=\"\"><i class=\"fas fa-circle\"><\/i><\/span><span class=\"progress_icon\" style=\"\"><i class=\"fas fa-circle\"><\/i><\/span><span class=\"progress_icon\" style=\"\"><i class=\"fas fa-circle\"><\/i><\/span><span class=\"progress_icon\" style=\"\"><i class=\"fas fa-circle\"><\/i><\/span><span class=\"progress_icon\" style=\"\"><i class=\"fas fa-circle\"><\/i><\/span><\/div>\n<\/td>\n<td>\u00c9pic\u00e9\/Bois\u00e9<\/td>\n<td><div class=\"progress_icons  transparent\" data-active=\"4\" data-color=\"\"><span class=\"progress_icon\" style=\"\"><i class=\"fas fa-circle\"><\/i><\/span><span class=\"progress_icon\" style=\"\"><i class=\"fas fa-circle\"><\/i><\/span><span class=\"progress_icon\" style=\"\"><i class=\"fas fa-circle\"><\/i><\/span><span class=\"progress_icon\" style=\"\"><i class=\"fas fa-circle\"><\/i><\/span><span class=\"progress_icon\" style=\"\"><i class=\"fas fa-circle\"><\/i><\/span><\/div>\n<\/td>\n<\/tr>\n<tr>\n<td>Floral<\/td>\n<td><div class=\"progress_icons  transparent\" data-active=\"4\" data-color=\"\"><span class=\"progress_icon\" style=\"\"><i class=\"fas fa-circle\"><\/i><\/span><span class=\"progress_icon\" style=\"\"><i class=\"fas fa-circle\"><\/i><\/span><span class=\"progress_icon\" style=\"\"><i class=\"fas fa-circle\"><\/i><\/span><span class=\"progress_icon\" style=\"\"><i class=\"fas fa-circle\"><\/i><\/span><span class=\"progress_icon\" style=\"\"><i class=\"fas fa-circle\"><\/i><\/span><\/div>\n<\/td>\n<td>Min\u00e9ral<\/td>\n<td><div class=\"progress_icons  transparent\" data-active=\"5\" data-color=\"\"><span class=\"progress_icon\" style=\"\"><i class=\"fas fa-circle\"><\/i><\/span><span class=\"progress_icon\" style=\"\"><i class=\"fas fa-circle\"><\/i><\/span><span class=\"progress_icon\" style=\"\"><i class=\"fas fa-circle\"><\/i><\/span><span class=\"progress_icon\" style=\"\"><i class=\"fas fa-circle\"><\/i><\/span><span class=\"progress_icon\" style=\"\"><i class=\"fas fa-circle\"><\/i><\/span><\/div>\n<\/td>\n<\/tr>\n<\/tbody>\n<\/table>","protected":false},"excerpt":{"rendered":"<p>Le Ch\u00e2teau Les Carmes Haut-Brion 2016 est une ic\u00f4ne moderne de Pessac-L\u00e9ognan. Vinifi\u00e9 avec une proportion importante de grappes enti\u00e8res (\u00ab\u00a0infusion\u00a0\u00bb), ce mill\u00e9sime se distingue par une \u00e9nergie et une puret\u00e9 aromatique \u00e9poustouflantes. Le nez est un bouquet complexe de m\u00fbre, de pivoine, d&rsquo;herbes fra\u00eeches et de graphite. En bouche, la texture est d&rsquo;une finesse \u00ab\u00a0cachemire\u00a0\u00bb, port\u00e9e par une salinit\u00e9 vibrante qui signe ce terroir urbain unique. Un vin d&rsquo;esth\u00e8te, \u00e0 la fois intellectuel et h\u00e9doniste.<\/p>","protected":false},"featured_media":7786,"comment_status":"open","ping_status":"closed","template":"","meta":{"_acf_changed":false},"product_brand":[453],"product_cat":[670,676],"product_tag":[935,927,930,926],"class_list":{"0":"post-7777","1":"product","2":"type-product","3":"status-publish","4":"has-post-thumbnail","6":"product_brand-chateau-les-carmes-haut-brion","7":"product_cat-bordeaux","8":"product_cat-pessac-graves-rouges","9":"product_tag-90-parker","10":"product_tag-a-offrir","11":"product_tag-boise-elegant","12":"product_tag-vins-de-garde","13":"pa_appellation-pessac-leognan-aoc","14":"pa_conditionnement-1x75cl","15":"pa_conditionnement-caisse-bois-de-12-bouteilles-75","16":"pa_couleur-rouge","17":"pa_format-75cl","18":"pa_millesime-731","19":"pa_region-bordeaux","21":"first","22":"instock","23":"taxable","24":"shipping-taxable","25":"purchasable","26":"product-type-variable","27":"has-default-attributes"},"acf":[],"_links":{"self":[{"href":"https:\/\/montagnac.com\/en\/wp-json\/wp\/v2\/product\/7777","targetHints":{"allow":["GET"]}}],"collection":[{"href":"https:\/\/montagnac.com\/en\/wp-json\/wp\/v2\/product"}],"about":[{"href":"https:\/\/montagnac.com\/en\/wp-json\/wp\/v2\/types\/product"}],"replies":[{"embeddable":true,"href":"https:\/\/montagnac.com\/en\/wp-json\/wp\/v2\/comments?post=7777"}],"wp:featuredmedia":[{"embeddable":true,"href":"https:\/\/montagnac.com\/en\/wp-json\/wp\/v2\/media\/7786"}],"wp:attachment":[{"href":"https:\/\/montagnac.com\/en\/wp-json\/wp\/v2\/media?parent=7777"}],"wp:term":[{"taxonomy":"product_brand","embeddable":true,"href":"https:\/\/montagnac.com\/en\/wp-json\/wp\/v2\/product_brand?post=7777"},{"taxonomy":"product_cat","embeddable":true,"href":"https:\/\/montagnac.com\/en\/wp-json\/wp\/v2\/product_cat?post=7777"},{"taxonomy":"product_tag","embeddable":true,"href":"https:\/\/montagnac.com\/en\/wp-json\/wp\/v2\/product_tag?post=7777"}],"curies":[{"name":"wp","href":"https:\/\/api.w.org\/{rel}","templated":true}]}}