




{"id":7790,"date":"2026-01-19T16:39:46","date_gmt":"2026-01-19T15:39:46","guid":{"rendered":"https:\/\/montagnac.com\/?post_type=product&#038;p=7790"},"modified":"2026-02-04T10:30:28","modified_gmt":"2026-02-04T09:30:28","slug":"chateau-les-carmes-haut-brion-hommage-1917-2017","status":"publish","type":"product","link":"https:\/\/montagnac.com\/en\/product\/chateau-les-carmes-haut-brion-hommage-1917-2017\/","title":{"rendered":"Ch\u00e2teau Les Carmes Haut-Brion \u00ab\u00a0Hommage au si\u00e8cle 1917-2017\u00a0\u00bb"},"content":{"rendered":"<table>\n<tbody>\n<tr>\n<td>Fruit\u00e9<\/td>\n<td><div class=\"progress_icons  transparent\" data-active=\"4\" data-color=\"\"><span class=\"progress_icon\" style=\"\"><i class=\"fas fa-circle\"><\/i><\/span><span class=\"progress_icon\" style=\"\"><i class=\"fas fa-circle\"><\/i><\/span><span class=\"progress_icon\" style=\"\"><i class=\"fas fa-circle\"><\/i><\/span><span class=\"progress_icon\" style=\"\"><i class=\"fas fa-circle\"><\/i><\/span><span class=\"progress_icon\" style=\"\"><i class=\"fas fa-circle\"><\/i><\/span><\/div>\n<\/td>\n<td>\u00c9pic\u00e9\/Bois\u00e9<\/td>\n<td><div class=\"progress_icons  transparent\" data-active=\"5\" data-color=\"\"><span class=\"progress_icon\" style=\"\"><i class=\"fas fa-circle\"><\/i><\/span><span class=\"progress_icon\" style=\"\"><i class=\"fas fa-circle\"><\/i><\/span><span class=\"progress_icon\" style=\"\"><i class=\"fas fa-circle\"><\/i><\/span><span class=\"progress_icon\" style=\"\"><i class=\"fas fa-circle\"><\/i><\/span><span class=\"progress_icon\" style=\"\"><i class=\"fas fa-circle\"><\/i><\/span><\/div>\n<\/td>\n<\/tr>\n<tr>\n<td>Floral<\/td>\n<td><div class=\"progress_icons  transparent\" data-active=\"5\" data-color=\"\"><span class=\"progress_icon\" style=\"\"><i class=\"fas fa-circle\"><\/i><\/span><span class=\"progress_icon\" style=\"\"><i class=\"fas fa-circle\"><\/i><\/span><span class=\"progress_icon\" style=\"\"><i class=\"fas fa-circle\"><\/i><\/span><span class=\"progress_icon\" style=\"\"><i class=\"fas fa-circle\"><\/i><\/span><span class=\"progress_icon\" style=\"\"><i class=\"fas fa-circle\"><\/i><\/span><\/div>\n<\/td>\n<td>Min\u00e9ral<\/td>\n<td><div class=\"progress_icons  transparent\" data-active=\"5\" data-color=\"\"><span class=\"progress_icon\" style=\"\"><i class=\"fas fa-circle\"><\/i><\/span><span class=\"progress_icon\" style=\"\"><i class=\"fas fa-circle\"><\/i><\/span><span class=\"progress_icon\" style=\"\"><i class=\"fas fa-circle\"><\/i><\/span><span class=\"progress_icon\" style=\"\"><i class=\"fas fa-circle\"><\/i><\/span><span class=\"progress_icon\" style=\"\"><i class=\"fas fa-circle\"><\/i><\/span><\/div>\n<\/td>\n<\/tr>\n<\/tbody>\n<\/table>","protected":false},"excerpt":{"rendered":"<p>Ce coffret d&rsquo;exception est une \u0153uvre rare c\u00e9l\u00e9brant un si\u00e8cle d&rsquo;histoire (1917-2017) et la figure de Marie-Jeanne Chantecaille, dite \u00ab\u00a0Bijou\u00a0\u00bb, n\u00e9e en 1917. Il contient un flacon au format oubli\u00e9, la Marie-Jeanne (2,25L), renfermant une cuv\u00e9e unique compos\u00e9e exclusivement de 100% Cabernet Franc du mill\u00e9sime 2017. Ce vin exp\u00e9rimental, vinifi\u00e9 en grappes enti\u00e8res (60-70%), offre une puret\u00e9 aromatique saisissante (s\u00e8ve, poivre, \u00e9pices) et des tanins d&rsquo;une finesse poudr\u00e9e. Il est accompagn\u00e9 d&rsquo;un parfum de peau, \u00ab\u00a0L&rsquo;Eau des Carmes\u00a0\u00bb, cr\u00e9\u00e9 par le nez Barnab\u00e9 Fillion pour capturer l&rsquo;essence olfactive du lieu.<\/p>","protected":false},"featured_media":7794,"comment_status":"open","ping_status":"closed","template":"","meta":{"_acf_changed":false},"product_brand":[453],"product_cat":[670,676],"product_tag":[927,972,926],"class_list":{"0":"post-7790","1":"product","2":"type-product","3":"status-publish","4":"has-post-thumbnail","6":"product_brand-chateau-les-carmes-haut-brion","7":"product_cat-bordeaux","8":"product_cat-pessac-graves-rouges","9":"product_tag-a-offrir","10":"product_tag-edition-limitee","11":"product_tag-vins-de-garde","12":"pa_appellation-pessac-leognan-aoc","13":"pa_conditionnement-marie-jeanne-225l","14":"pa_couleur-rouge","15":"pa_format-225l","16":"pa_millesime-734","17":"pa_region-bordeaux","19":"first","20":"instock","21":"taxable","22":"shipping-taxable","23":"purchasable","24":"product-type-variable","25":"has-default-attributes"},"acf":[],"_links":{"self":[{"href":"https:\/\/montagnac.com\/en\/wp-json\/wp\/v2\/product\/7790","targetHints":{"allow":["GET"]}}],"collection":[{"href":"https:\/\/montagnac.com\/en\/wp-json\/wp\/v2\/product"}],"about":[{"href":"https:\/\/montagnac.com\/en\/wp-json\/wp\/v2\/types\/product"}],"replies":[{"embeddable":true,"href":"https:\/\/montagnac.com\/en\/wp-json\/wp\/v2\/comments?post=7790"}],"wp:featuredmedia":[{"embeddable":true,"href":"https:\/\/montagnac.com\/en\/wp-json\/wp\/v2\/media\/7794"}],"wp:attachment":[{"href":"https:\/\/montagnac.com\/en\/wp-json\/wp\/v2\/media?parent=7790"}],"wp:term":[{"taxonomy":"product_brand","embeddable":true,"href":"https:\/\/montagnac.com\/en\/wp-json\/wp\/v2\/product_brand?post=7790"},{"taxonomy":"product_cat","embeddable":true,"href":"https:\/\/montagnac.com\/en\/wp-json\/wp\/v2\/product_cat?post=7790"},{"taxonomy":"product_tag","embeddable":true,"href":"https:\/\/montagnac.com\/en\/wp-json\/wp\/v2\/product_tag?post=7790"}],"curies":[{"name":"wp","href":"https:\/\/api.w.org\/{rel}","templated":true}]}}