




{"id":7809,"date":"2026-01-20T09:34:26","date_gmt":"2026-01-20T08:34:26","guid":{"rendered":"https:\/\/montagnac.com\/?post_type=product&#038;p=7809"},"modified":"2026-04-06T18:52:00","modified_gmt":"2026-04-06T17:52:00","slug":"le-clarence-de-haut-brion-2022","status":"publish","type":"product","link":"https:\/\/montagnac.com\/en\/product\/le-clarence-de-haut-brion-2022\/","title":{"rendered":"Le Clarence de Haut-Brion 2022"},"content":{"rendered":"<table>\n<tbody>\n<tr>\n<td>Fruit\u00e9<\/td>\n<td><div class=\"progress_icons  transparent\" data-active=\"5\" data-color=\"\"><span class=\"progress_icon\" style=\"\"><i class=\"fas fa-circle\"><\/i><\/span><span class=\"progress_icon\" style=\"\"><i class=\"fas fa-circle\"><\/i><\/span><span class=\"progress_icon\" style=\"\"><i class=\"fas fa-circle\"><\/i><\/span><span class=\"progress_icon\" style=\"\"><i class=\"fas fa-circle\"><\/i><\/span><span class=\"progress_icon\" style=\"\"><i class=\"fas fa-circle\"><\/i><\/span><\/div>\n<\/td>\n<td>\u00c9pic\u00e9\/Bois\u00e9<\/td>\n<td><div class=\"progress_icons  transparent\" data-active=\"4\" data-color=\"\"><span class=\"progress_icon\" style=\"\"><i class=\"fas fa-circle\"><\/i><\/span><span class=\"progress_icon\" style=\"\"><i class=\"fas fa-circle\"><\/i><\/span><span class=\"progress_icon\" style=\"\"><i class=\"fas fa-circle\"><\/i><\/span><span class=\"progress_icon\" style=\"\"><i class=\"fas fa-circle\"><\/i><\/span><span class=\"progress_icon\" style=\"\"><i class=\"fas fa-circle\"><\/i><\/span><\/div>\n<\/td>\n<\/tr>\n<tr>\n<td>Floral<\/td>\n<td><div class=\"progress_icons  transparent\" data-active=\"3\" data-color=\"\"><span class=\"progress_icon\" style=\"\"><i class=\"fas fa-circle\"><\/i><\/span><span class=\"progress_icon\" style=\"\"><i class=\"fas fa-circle\"><\/i><\/span><span class=\"progress_icon\" style=\"\"><i class=\"fas fa-circle\"><\/i><\/span><span class=\"progress_icon\" style=\"\"><i class=\"fas fa-circle\"><\/i><\/span><span class=\"progress_icon\" style=\"\"><i class=\"fas fa-circle\"><\/i><\/span><\/div>\n<\/td>\n<td>Min\u00e9ral<\/td>\n<td><div class=\"progress_icons  transparent\" data-active=\"4\" data-color=\"\"><span class=\"progress_icon\" style=\"\"><i class=\"fas fa-circle\"><\/i><\/span><span class=\"progress_icon\" style=\"\"><i class=\"fas fa-circle\"><\/i><\/span><span class=\"progress_icon\" style=\"\"><i class=\"fas fa-circle\"><\/i><\/span><span class=\"progress_icon\" style=\"\"><i class=\"fas fa-circle\"><\/i><\/span><span class=\"progress_icon\" style=\"\"><i class=\"fas fa-circle\"><\/i><\/span><\/div>\n<\/td>\n<\/tr>\n<\/tbody>\n<\/table>","protected":false},"excerpt":{"rendered":"<p>Le Clarence de Haut-Brion 2022, second vin du Premier Grand Cru Class\u00e9, est une r\u00e9ussite spectaculaire qui rivalise avec de nombreux grands vins de l&rsquo;appellation. Dans ce mill\u00e9sime solaire, il affiche une densit\u00e9 et une maturit\u00e9 impressionnantes, domin\u00e9es par un Merlot opulent (62%). Le nez est intense, m\u00ealant la cr\u00e8me de cassis, la cerise noire, le graphite et les \u00e9pices douces. En bouche, la trame est \u00ab\u00a0muscl\u00e9e\u00a0\u00bb mais enrob\u00e9e de tanins d&rsquo;un soyeux remarquable, avec une finale fra\u00eeche et min\u00e9rale typique du terroir de Pessac.<\/p>","protected":false},"featured_media":5793,"comment_status":"open","ping_status":"closed","template":"","meta":{"_acf_changed":false},"product_brand":[603],"product_cat":[670,676],"product_tag":[935,927,930,933,926],"class_list":{"0":"post-7809","1":"product","2":"type-product","3":"status-publish","4":"has-post-thumbnail","6":"product_brand-chateau-haut-brion","7":"product_cat-bordeaux","8":"product_cat-pessac-graves-rouges","9":"product_tag-90-parker","10":"product_tag-a-offrir","11":"product_tag-boise-elegant","12":"product_tag-second-vins","13":"product_tag-vins-de-garde","14":"pa_appellation-pessac-leognan-aoc","15":"pa_conditionnement-1x75cl","16":"pa_conditionnement-caisse-bois-de-6-bouteilles-75","17":"pa_couleur-rouge","18":"pa_format-75cl","19":"pa_millesime-770","20":"pa_region-bordeaux","22":"first","23":"instock","24":"taxable","25":"shipping-taxable","26":"purchasable","27":"product-type-variable","28":"has-default-attributes"},"acf":[],"_links":{"self":[{"href":"https:\/\/montagnac.com\/en\/wp-json\/wp\/v2\/product\/7809","targetHints":{"allow":["GET"]}}],"collection":[{"href":"https:\/\/montagnac.com\/en\/wp-json\/wp\/v2\/product"}],"about":[{"href":"https:\/\/montagnac.com\/en\/wp-json\/wp\/v2\/types\/product"}],"replies":[{"embeddable":true,"href":"https:\/\/montagnac.com\/en\/wp-json\/wp\/v2\/comments?post=7809"}],"wp:featuredmedia":[{"embeddable":true,"href":"https:\/\/montagnac.com\/en\/wp-json\/wp\/v2\/media\/5793"}],"wp:attachment":[{"href":"https:\/\/montagnac.com\/en\/wp-json\/wp\/v2\/media?parent=7809"}],"wp:term":[{"taxonomy":"product_brand","embeddable":true,"href":"https:\/\/montagnac.com\/en\/wp-json\/wp\/v2\/product_brand?post=7809"},{"taxonomy":"product_cat","embeddable":true,"href":"https:\/\/montagnac.com\/en\/wp-json\/wp\/v2\/product_cat?post=7809"},{"taxonomy":"product_tag","embeddable":true,"href":"https:\/\/montagnac.com\/en\/wp-json\/wp\/v2\/product_tag?post=7809"}],"curies":[{"name":"wp","href":"https:\/\/api.w.org\/{rel}","templated":true}]}}