




{"id":7883,"date":"2026-02-09T12:13:04","date_gmt":"2026-02-09T11:13:04","guid":{"rendered":"https:\/\/montagnac.com\/?post_type=product&#038;p=7883"},"modified":"2026-04-15T05:51:49","modified_gmt":"2026-04-15T04:51:49","slug":"chateau-cheval-blanc-2012","status":"publish","type":"product","link":"https:\/\/montagnac.com\/en\/product\/chateau-cheval-blanc-2012\/","title":{"rendered":"Ch\u00e2teau Cheval Blanc 2012"},"content":{"rendered":"<table>\n<tbody>\n<tr>\n<td>Fruit\u00e9<\/td>\n<td><div class=\"progress_icons  transparent\" data-active=\"5\" data-color=\"\"><span class=\"progress_icon\" style=\"\"><i class=\"fas fa-circle\"><\/i><\/span><span class=\"progress_icon\" style=\"\"><i class=\"fas fa-circle\"><\/i><\/span><span class=\"progress_icon\" style=\"\"><i class=\"fas fa-circle\"><\/i><\/span><span class=\"progress_icon\" style=\"\"><i class=\"fas fa-circle\"><\/i><\/span><span class=\"progress_icon\" style=\"\"><i class=\"fas fa-circle\"><\/i><\/span><\/div>\n<\/td>\n<td>\u00c9pic\u00e9\/Bois\u00e9<\/td>\n<td><div class=\"progress_icons  transparent\" data-active=\"4\" data-color=\"\"><span class=\"progress_icon\" style=\"\"><i class=\"fas fa-circle\"><\/i><\/span><span class=\"progress_icon\" style=\"\"><i class=\"fas fa-circle\"><\/i><\/span><span class=\"progress_icon\" style=\"\"><i class=\"fas fa-circle\"><\/i><\/span><span class=\"progress_icon\" style=\"\"><i class=\"fas fa-circle\"><\/i><\/span><span class=\"progress_icon\" style=\"\"><i class=\"fas fa-circle\"><\/i><\/span><\/div>\n<\/td>\n<\/tr>\n<tr>\n<td>Floral<\/td>\n<td><div class=\"progress_icons  transparent\" data-active=\"5\" data-color=\"\"><span class=\"progress_icon\" style=\"\"><i class=\"fas fa-circle\"><\/i><\/span><span class=\"progress_icon\" style=\"\"><i class=\"fas fa-circle\"><\/i><\/span><span class=\"progress_icon\" style=\"\"><i class=\"fas fa-circle\"><\/i><\/span><span class=\"progress_icon\" style=\"\"><i class=\"fas fa-circle\"><\/i><\/span><span class=\"progress_icon\" style=\"\"><i class=\"fas fa-circle\"><\/i><\/span><\/div>\n<\/td>\n<td>Min\u00e9ral<\/td>\n<td><div class=\"progress_icons  transparent\" data-active=\"4\" data-color=\"\"><span class=\"progress_icon\" style=\"\"><i class=\"fas fa-circle\"><\/i><\/span><span class=\"progress_icon\" style=\"\"><i class=\"fas fa-circle\"><\/i><\/span><span class=\"progress_icon\" style=\"\"><i class=\"fas fa-circle\"><\/i><\/span><span class=\"progress_icon\" style=\"\"><i class=\"fas fa-circle\"><\/i><\/span><span class=\"progress_icon\" style=\"\"><i class=\"fas fa-circle\"><\/i><\/span><\/div>\n<\/td>\n<\/tr>\n<\/tbody>\n<\/table>","protected":false},"excerpt":{"rendered":"<p>Le Ch\u00e2teau Cheval Blanc 2012 est un mill\u00e9sime d&rsquo;\u00e9quilibre et de pr\u00e9cision qui marque l&rsquo;histoire du domaine, c&rsquo;est l&rsquo;ann\u00e9e o\u00f9 le classement de Saint-\u00c9milion a confirm\u00e9 sa supr\u00e9matie absolue (Premier Grand Cru Class\u00e9 A), rejoints par Pavie et Ang\u00e9lus. Ce vin se distingue par une dualit\u00e9 fascinante entre la richesse du Merlot et la fra\u00eecheur florale du Cabernet Franc. Le nez est complexe, m\u00ealant la cerise noire, le tabac blond, la mine de crayon (graphite) et des notes menthol\u00e9es. En bouche, la texture est d&rsquo;un soyeux \u00ab\u00a0cachemire\u00a0\u00bb, signature de la maison, avec une finale interminable. C&rsquo;est un vin de m\u00e9ditation, \u00e0 l&rsquo;\u00e9l\u00e9gance intemporelle.<\/p>","protected":false},"featured_media":7884,"comment_status":"closed","ping_status":"closed","template":"","meta":{"_acf_changed":false},"product_brand":[376],"product_cat":[670,974,681],"product_tag":[935,927,930,931,926],"class_list":{"0":"post-7883","1":"product","2":"type-product","3":"status-publish","4":"has-post-thumbnail","6":"product_brand-chateau-cheval-blanc","7":"product_cat-bordeaux","8":"product_cat-les-nouveautes","9":"product_cat-saint-emilion-satellites","10":"product_tag-90-parker","11":"product_tag-a-offrir","12":"product_tag-boise-elegant","13":"product_tag-soyeux-raffine","14":"product_tag-vins-de-garde","15":"pa_appellation-saint-emilion-aoc","16":"pa_classement-1er-grand-cru-classe-a","17":"pa_conditionnement-1x75cl","18":"pa_conditionnement-caisse-bois-de-6-bouteilles-75","19":"pa_couleur-rouge","20":"pa_format-75cl","21":"pa_millesime-777","22":"pa_region-bordeaux","24":"first","25":"instock","26":"taxable","27":"shipping-taxable","28":"purchasable","29":"product-type-variable","30":"has-default-attributes"},"acf":[],"_links":{"self":[{"href":"https:\/\/montagnac.com\/en\/wp-json\/wp\/v2\/product\/7883","targetHints":{"allow":["GET"]}}],"collection":[{"href":"https:\/\/montagnac.com\/en\/wp-json\/wp\/v2\/product"}],"about":[{"href":"https:\/\/montagnac.com\/en\/wp-json\/wp\/v2\/types\/product"}],"replies":[{"embeddable":true,"href":"https:\/\/montagnac.com\/en\/wp-json\/wp\/v2\/comments?post=7883"}],"wp:featuredmedia":[{"embeddable":true,"href":"https:\/\/montagnac.com\/en\/wp-json\/wp\/v2\/media\/7884"}],"wp:attachment":[{"href":"https:\/\/montagnac.com\/en\/wp-json\/wp\/v2\/media?parent=7883"}],"wp:term":[{"taxonomy":"product_brand","embeddable":true,"href":"https:\/\/montagnac.com\/en\/wp-json\/wp\/v2\/product_brand?post=7883"},{"taxonomy":"product_cat","embeddable":true,"href":"https:\/\/montagnac.com\/en\/wp-json\/wp\/v2\/product_cat?post=7883"},{"taxonomy":"product_tag","embeddable":true,"href":"https:\/\/montagnac.com\/en\/wp-json\/wp\/v2\/product_tag?post=7883"}],"curies":[{"name":"wp","href":"https:\/\/api.w.org\/{rel}","templated":true}]}}