




{"id":7909,"date":"2026-02-09T15:26:46","date_gmt":"2026-02-09T14:26:46","guid":{"rendered":"https:\/\/montagnac.com\/?post_type=product&#038;p=7909"},"modified":"2026-04-06T13:55:10","modified_gmt":"2026-04-06T12:55:10","slug":"clos-de-loratoire-2022","status":"publish","type":"product","link":"https:\/\/montagnac.com\/en\/product\/clos-de-loratoire-2022\/","title":{"rendered":"Clos de L&rsquo;Oratoire 2022"},"content":{"rendered":"<table>\n<tbody>\n<tr>\n<td>Fruit\u00e9<\/td>\n<td><div class=\"progress_icons  transparent\" data-active=\"4\" data-color=\"\"><span class=\"progress_icon\" style=\"\"><i class=\"fas fa-circle\"><\/i><\/span><span class=\"progress_icon\" style=\"\"><i class=\"fas fa-circle\"><\/i><\/span><span class=\"progress_icon\" style=\"\"><i class=\"fas fa-circle\"><\/i><\/span><span class=\"progress_icon\" style=\"\"><i class=\"fas fa-circle\"><\/i><\/span><span class=\"progress_icon\" style=\"\"><i class=\"fas fa-circle\"><\/i><\/span><\/div>\n<\/td>\n<td>\u00c9pic\u00e9\/Bois\u00e9<\/td>\n<td><div class=\"progress_icons  transparent\" data-active=\"3\" data-color=\"\"><span class=\"progress_icon\" style=\"\"><i class=\"fas fa-circle\"><\/i><\/span><span class=\"progress_icon\" style=\"\"><i class=\"fas fa-circle\"><\/i><\/span><span class=\"progress_icon\" style=\"\"><i class=\"fas fa-circle\"><\/i><\/span><span class=\"progress_icon\" style=\"\"><i class=\"fas fa-circle\"><\/i><\/span><span class=\"progress_icon\" style=\"\"><i class=\"fas fa-circle\"><\/i><\/span><\/div>\n<\/td>\n<\/tr>\n<tr>\n<td>Floral<\/td>\n<td><div class=\"progress_icons  transparent\" data-active=\"4\" data-color=\"\"><span class=\"progress_icon\" style=\"\"><i class=\"fas fa-circle\"><\/i><\/span><span class=\"progress_icon\" style=\"\"><i class=\"fas fa-circle\"><\/i><\/span><span class=\"progress_icon\" style=\"\"><i class=\"fas fa-circle\"><\/i><\/span><span class=\"progress_icon\" style=\"\"><i class=\"fas fa-circle\"><\/i><\/span><span class=\"progress_icon\" style=\"\"><i class=\"fas fa-circle\"><\/i><\/span><\/div>\n<\/td>\n<td>Min\u00e9ral<\/td>\n<td><div class=\"progress_icons  transparent\" data-active=\"4\" data-color=\"\"><span class=\"progress_icon\" style=\"\"><i class=\"fas fa-circle\"><\/i><\/span><span class=\"progress_icon\" style=\"\"><i class=\"fas fa-circle\"><\/i><\/span><span class=\"progress_icon\" style=\"\"><i class=\"fas fa-circle\"><\/i><\/span><span class=\"progress_icon\" style=\"\"><i class=\"fas fa-circle\"><\/i><\/span><span class=\"progress_icon\" style=\"\"><i class=\"fas fa-circle\"><\/i><\/span><\/div>\n<\/td>\n<\/tr>\n<\/tbody>\n<\/table>","protected":false},"excerpt":{"rendered":"<p>Le Clos de l&rsquo;Oratoire 2022 est un Saint-\u00c9milion Grand Cru Class\u00e9 d&rsquo;une \u00e9l\u00e9gance remarquable. Propri\u00e9t\u00e9 embl\u00e9matique des Vignobles Comtes von Neipperg, ce vin certifi\u00e9 bio exprime \u00e0 merveille son terroir singulier dans ce grand mill\u00e9sime solaire. \u00c0 la d\u00e9gustation, le nez offre un bouquet s\u00e9duisant de fruits noirs m\u00fbrs (m\u00fbre, cerise noire), de violette et de r\u00e9glisse, soutenu par de fines notes min\u00e9rales. En bouche, le vin est charnu et juteux. Il d\u00e9ploie des tanins d&rsquo;une grande noblesse, souvent qualifi\u00e9s de \u00ab\u00a0soyeux\u00a0\u00bb ou \u00ab\u00a0satin\u00e9s\u00a0\u00bb par les critiques. C&rsquo;est une r\u00e9ussite majeure qui allie avec brio une belle densit\u00e9 fruit\u00e9e \u00e0 une tension saline tr\u00e8s rafra\u00eechissante.<\/p>","protected":false},"featured_media":7918,"comment_status":"closed","ping_status":"closed","template":"","meta":{"_acf_changed":false},"product_brand":[620],"product_cat":[670,681],"product_tag":[935,934,929,931,926],"class_list":{"0":"post-7909","1":"product","2":"type-product","3":"status-publish","4":"has-post-thumbnail","6":"product_brand-clos-de-loratoire","7":"product_cat-bordeaux","8":"product_cat-saint-emilion-satellites","9":"product_tag-90-parker","10":"product_tag-bio","11":"product_tag-fruite-souple","12":"product_tag-soyeux-raffine","13":"product_tag-vins-de-garde","14":"pa_appellation-saint-emilion-aoc","15":"pa_classement-grand-cru-classe","16":"pa_conditionnement-1x75cl","17":"pa_conditionnement-caisse-bois-de-6-bouteilles-75","18":"pa_couleur-rouge","19":"pa_format-75cl","20":"pa_millesime-770","21":"pa_region-bordeaux","23":"first","24":"outofstock","25":"taxable","26":"shipping-taxable","27":"purchasable","28":"product-type-variable","29":"has-default-attributes"},"acf":[],"_links":{"self":[{"href":"https:\/\/montagnac.com\/en\/wp-json\/wp\/v2\/product\/7909","targetHints":{"allow":["GET"]}}],"collection":[{"href":"https:\/\/montagnac.com\/en\/wp-json\/wp\/v2\/product"}],"about":[{"href":"https:\/\/montagnac.com\/en\/wp-json\/wp\/v2\/types\/product"}],"replies":[{"embeddable":true,"href":"https:\/\/montagnac.com\/en\/wp-json\/wp\/v2\/comments?post=7909"}],"wp:featuredmedia":[{"embeddable":true,"href":"https:\/\/montagnac.com\/en\/wp-json\/wp\/v2\/media\/7918"}],"wp:attachment":[{"href":"https:\/\/montagnac.com\/en\/wp-json\/wp\/v2\/media?parent=7909"}],"wp:term":[{"taxonomy":"product_brand","embeddable":true,"href":"https:\/\/montagnac.com\/en\/wp-json\/wp\/v2\/product_brand?post=7909"},{"taxonomy":"product_cat","embeddable":true,"href":"https:\/\/montagnac.com\/en\/wp-json\/wp\/v2\/product_cat?post=7909"},{"taxonomy":"product_tag","embeddable":true,"href":"https:\/\/montagnac.com\/en\/wp-json\/wp\/v2\/product_tag?post=7909"}],"curies":[{"name":"wp","href":"https:\/\/api.w.org\/{rel}","templated":true}]}}