




{"id":7919,"date":"2026-02-09T17:19:21","date_gmt":"2026-02-09T16:19:21","guid":{"rendered":"https:\/\/montagnac.com\/?post_type=product&#038;p=7919"},"modified":"2026-04-06T15:51:40","modified_gmt":"2026-04-06T14:51:40","slug":"chateau-saintayme-2022","status":"publish","type":"product","link":"https:\/\/montagnac.com\/en\/product\/chateau-saintayme-2022\/","title":{"rendered":"Ch\u00e2teau Saintayme 2022"},"content":{"rendered":"<table>\n<tbody>\n<tr>\n<td>Fruit\u00e9<\/td>\n<td><div class=\"progress_icons  transparent\" data-active=\"5\" data-color=\"\"><span class=\"progress_icon\" style=\"\"><i class=\"fas fa-circle\"><\/i><\/span><span class=\"progress_icon\" style=\"\"><i class=\"fas fa-circle\"><\/i><\/span><span class=\"progress_icon\" style=\"\"><i class=\"fas fa-circle\"><\/i><\/span><span class=\"progress_icon\" style=\"\"><i class=\"fas fa-circle\"><\/i><\/span><span class=\"progress_icon\" style=\"\"><i class=\"fas fa-circle\"><\/i><\/span><\/div>\n<\/td>\n<td>\u00c9pic\u00e9\/Bois\u00e9<\/td>\n<td><div class=\"progress_icons  transparent\" data-active=\"3\" data-color=\"\"><span class=\"progress_icon\" style=\"\"><i class=\"fas fa-circle\"><\/i><\/span><span class=\"progress_icon\" style=\"\"><i class=\"fas fa-circle\"><\/i><\/span><span class=\"progress_icon\" style=\"\"><i class=\"fas fa-circle\"><\/i><\/span><span class=\"progress_icon\" style=\"\"><i class=\"fas fa-circle\"><\/i><\/span><span class=\"progress_icon\" style=\"\"><i class=\"fas fa-circle\"><\/i><\/span><\/div>\n<\/td>\n<\/tr>\n<tr>\n<td>Floral<\/td>\n<td><div class=\"progress_icons  transparent\" data-active=\"4\" data-color=\"\"><span class=\"progress_icon\" style=\"\"><i class=\"fas fa-circle\"><\/i><\/span><span class=\"progress_icon\" style=\"\"><i class=\"fas fa-circle\"><\/i><\/span><span class=\"progress_icon\" style=\"\"><i class=\"fas fa-circle\"><\/i><\/span><span class=\"progress_icon\" style=\"\"><i class=\"fas fa-circle\"><\/i><\/span><span class=\"progress_icon\" style=\"\"><i class=\"fas fa-circle\"><\/i><\/span><\/div>\n<\/td>\n<td>Min\u00e9ral<\/td>\n<td><div class=\"progress_icons  transparent\" data-active=\"3\" data-color=\"\"><span class=\"progress_icon\" style=\"\"><i class=\"fas fa-circle\"><\/i><\/span><span class=\"progress_icon\" style=\"\"><i class=\"fas fa-circle\"><\/i><\/span><span class=\"progress_icon\" style=\"\"><i class=\"fas fa-circle\"><\/i><\/span><span class=\"progress_icon\" style=\"\"><i class=\"fas fa-circle\"><\/i><\/span><span class=\"progress_icon\" style=\"\"><i class=\"fas fa-circle\"><\/i><\/span><\/div>\n<\/td>\n<\/tr>\n<\/tbody>\n<\/table>","protected":false},"excerpt":{"rendered":"<p>Le Ch\u00e2teau Saintayme 2022 est une \u00ab\u00a0p\u00e9pite\u00a0\u00bb incontournable pour tout amateur de la Rive Droite. Propri\u00e9t\u00e9 de la famille Durantou (c\u00e9l\u00e8bre pour l&rsquo;\u00c9glise-Clinet), ce Saint-\u00c9milion Grand Cru est souvent qualifi\u00e9 de \u00ab\u00a0meilleur rapport qualit\u00e9-prix\u00a0\u00bb de l&rsquo;appellation. Dans ce mill\u00e9sime solaire, il brille par une fra\u00eecheur \u00e9tonnante. Le nez est un pur d\u00e9lice de cerise noire, de p\u00e9tale de rose, de r\u00e9glisse et de pierre concass\u00e9e. En bouche, c&rsquo;est un vin croquant, juteux et vibrant, avec cette texture \u00ab\u00a0a\u00e9rienne\u00a0\u00bb qui est la signature des vinifications Durantou. Une porte d&rsquo;entr\u00e9e magnifique vers le style des grands vins, sans se ruiner.<\/p>","protected":false},"featured_media":7923,"comment_status":"closed","ping_status":"closed","template":"","meta":{"_acf_changed":false},"product_brand":[973],"product_cat":[670,681],"product_tag":[],"class_list":{"0":"post-7919","1":"product","2":"type-product","3":"status-publish","4":"has-post-thumbnail","6":"product_brand-chateau-saintayme","7":"product_cat-bordeaux","8":"product_cat-saint-emilion-satellites","9":"pa_appellation-saint-emilion-aoc","10":"pa_classement-grand-cru","11":"pa_conditionnement-1x75cl","12":"pa_conditionnement-carton-de-12-bouteilles-75","13":"pa_couleur-rouge","14":"pa_format-75cl","15":"pa_millesime-770","16":"pa_region-bordeaux","18":"first","19":"outofstock","20":"taxable","21":"shipping-taxable","22":"purchasable","23":"product-type-variable","24":"has-default-attributes"},"acf":[],"_links":{"self":[{"href":"https:\/\/montagnac.com\/en\/wp-json\/wp\/v2\/product\/7919","targetHints":{"allow":["GET"]}}],"collection":[{"href":"https:\/\/montagnac.com\/en\/wp-json\/wp\/v2\/product"}],"about":[{"href":"https:\/\/montagnac.com\/en\/wp-json\/wp\/v2\/types\/product"}],"replies":[{"embeddable":true,"href":"https:\/\/montagnac.com\/en\/wp-json\/wp\/v2\/comments?post=7919"}],"wp:featuredmedia":[{"embeddable":true,"href":"https:\/\/montagnac.com\/en\/wp-json\/wp\/v2\/media\/7923"}],"wp:attachment":[{"href":"https:\/\/montagnac.com\/en\/wp-json\/wp\/v2\/media?parent=7919"}],"wp:term":[{"taxonomy":"product_brand","embeddable":true,"href":"https:\/\/montagnac.com\/en\/wp-json\/wp\/v2\/product_brand?post=7919"},{"taxonomy":"product_cat","embeddable":true,"href":"https:\/\/montagnac.com\/en\/wp-json\/wp\/v2\/product_cat?post=7919"},{"taxonomy":"product_tag","embeddable":true,"href":"https:\/\/montagnac.com\/en\/wp-json\/wp\/v2\/product_tag?post=7919"}],"curies":[{"name":"wp","href":"https:\/\/api.w.org\/{rel}","templated":true}]}}