




{"id":7992,"date":"2026-02-19T10:49:24","date_gmt":"2026-02-19T09:49:24","guid":{"rendered":"https:\/\/montagnac.com\/?post_type=product&#038;p=7992"},"modified":"2026-04-06T19:53:03","modified_gmt":"2026-04-06T18:53:03","slug":"chateau-laroque-2021","status":"publish","type":"product","link":"https:\/\/montagnac.com\/en\/product\/chateau-laroque-2021\/","title":{"rendered":"Ch\u00e2teau Laroque 2021"},"content":{"rendered":"<table>\n<tbody>\n<tr>\n<td>Fruit\u00e9<\/td>\n<td><div class=\"progress_icons  transparent\" data-active=\"4\" data-color=\"\"><span class=\"progress_icon\" style=\"\"><i class=\"fas fa-circle\"><\/i><\/span><span class=\"progress_icon\" style=\"\"><i class=\"fas fa-circle\"><\/i><\/span><span class=\"progress_icon\" style=\"\"><i class=\"fas fa-circle\"><\/i><\/span><span class=\"progress_icon\" style=\"\"><i class=\"fas fa-circle\"><\/i><\/span><span class=\"progress_icon\" style=\"\"><i class=\"fas fa-circle\"><\/i><\/span><\/div>\n<\/td>\n<td>\u00c9pic\u00e9\/Bois\u00e9<\/td>\n<td><div class=\"progress_icons  transparent\" data-active=\"3\" data-color=\"\"><span class=\"progress_icon\" style=\"\"><i class=\"fas fa-circle\"><\/i><\/span><span class=\"progress_icon\" style=\"\"><i class=\"fas fa-circle\"><\/i><\/span><span class=\"progress_icon\" style=\"\"><i class=\"fas fa-circle\"><\/i><\/span><span class=\"progress_icon\" style=\"\"><i class=\"fas fa-circle\"><\/i><\/span><span class=\"progress_icon\" style=\"\"><i class=\"fas fa-circle\"><\/i><\/span><\/div>\n<\/td>\n<\/tr>\n<tr>\n<td>Floral<\/td>\n<td><div class=\"progress_icons  transparent\" data-active=\"4\" data-color=\"\"><span class=\"progress_icon\" style=\"\"><i class=\"fas fa-circle\"><\/i><\/span><span class=\"progress_icon\" style=\"\"><i class=\"fas fa-circle\"><\/i><\/span><span class=\"progress_icon\" style=\"\"><i class=\"fas fa-circle\"><\/i><\/span><span class=\"progress_icon\" style=\"\"><i class=\"fas fa-circle\"><\/i><\/span><span class=\"progress_icon\" style=\"\"><i class=\"fas fa-circle\"><\/i><\/span><\/div>\n<\/td>\n<td>Min\u00e9ral<\/td>\n<td><div class=\"progress_icons  transparent\" data-active=\"5\" data-color=\"\"><span class=\"progress_icon\" style=\"\"><i class=\"fas fa-circle\"><\/i><\/span><span class=\"progress_icon\" style=\"\"><i class=\"fas fa-circle\"><\/i><\/span><span class=\"progress_icon\" style=\"\"><i class=\"fas fa-circle\"><\/i><\/span><span class=\"progress_icon\" style=\"\"><i class=\"fas fa-circle\"><\/i><\/span><span class=\"progress_icon\" style=\"\"><i class=\"fas fa-circle\"><\/i><\/span><\/div>\n<\/td>\n<\/tr>\n<\/tbody>\n<\/table>","protected":false},"excerpt":{"rendered":"<p>Le Ch\u00e2teau Laroque 2021 est un grand vin rouge de Bordeaux et une r\u00e9ussite magistrale qui confirme l&rsquo;ascension de cette propri\u00e9t\u00e9 en appellation Saint-\u00c9milion Grand Cru Class\u00e9. Sous la direction de David Suire, ce mill\u00e9sime frais et classique met en lumi\u00e8re l&rsquo;\u00e9clat min\u00e9ral exceptionnel de son terroir. Le nez est d&rsquo;une grande puret\u00e9, offrant un bouquet \u00e9l\u00e9gant de cerise noire, de framboise \u00e9cras\u00e9e, de pivoine et de douces notes \u00e9pic\u00e9es. En bouche, le vin se distingue par sa droiture et sa fra\u00eecheur vibrante. La texture est soyeuse, port\u00e9e par des tanins d&rsquo;une grande finesse et une acidit\u00e9 salivante qui \u00e9tire la finale sur de superbes notes de craie. C&rsquo;est l&rsquo;arch\u00e9type du grand Saint-\u00c9milion de calcaire, rac\u00e9 et \u00e9minemment digeste.<\/p>","protected":false},"featured_media":7997,"comment_status":"open","ping_status":"closed","template":"","meta":{"_acf_changed":false},"product_brand":[637],"product_cat":[670,974,681],"product_tag":[929,931,926],"class_list":{"0":"post-7992","1":"product","2":"type-product","3":"status-publish","4":"has-post-thumbnail","6":"product_brand-chateau-laroque","7":"product_cat-bordeaux","8":"product_cat-les-nouveautes","9":"product_cat-saint-emilion-satellites","10":"product_tag-fruite-souple","11":"product_tag-soyeux-raffine","12":"product_tag-vins-de-garde","13":"pa_appellation-saint-emilion-aoc","14":"pa_conditionnement-1x75cl","15":"pa_conditionnement-caisse-bois-de-6-bouteilles-75","16":"pa_couleur-rouge","17":"pa_format-75cl","18":"pa_millesime-762","19":"pa_region-bordeaux","21":"first","22":"instock","23":"taxable","24":"shipping-taxable","25":"purchasable","26":"product-type-variable","27":"has-default-attributes"},"acf":[],"_links":{"self":[{"href":"https:\/\/montagnac.com\/en\/wp-json\/wp\/v2\/product\/7992","targetHints":{"allow":["GET"]}}],"collection":[{"href":"https:\/\/montagnac.com\/en\/wp-json\/wp\/v2\/product"}],"about":[{"href":"https:\/\/montagnac.com\/en\/wp-json\/wp\/v2\/types\/product"}],"replies":[{"embeddable":true,"href":"https:\/\/montagnac.com\/en\/wp-json\/wp\/v2\/comments?post=7992"}],"wp:featuredmedia":[{"embeddable":true,"href":"https:\/\/montagnac.com\/en\/wp-json\/wp\/v2\/media\/7997"}],"wp:attachment":[{"href":"https:\/\/montagnac.com\/en\/wp-json\/wp\/v2\/media?parent=7992"}],"wp:term":[{"taxonomy":"product_brand","embeddable":true,"href":"https:\/\/montagnac.com\/en\/wp-json\/wp\/v2\/product_brand?post=7992"},{"taxonomy":"product_cat","embeddable":true,"href":"https:\/\/montagnac.com\/en\/wp-json\/wp\/v2\/product_cat?post=7992"},{"taxonomy":"product_tag","embeddable":true,"href":"https:\/\/montagnac.com\/en\/wp-json\/wp\/v2\/product_tag?post=7992"}],"curies":[{"name":"wp","href":"https:\/\/api.w.org\/{rel}","templated":true}]}}