




{"id":8011,"date":"2026-02-20T17:12:59","date_gmt":"2026-02-20T16:12:59","guid":{"rendered":"https:\/\/montagnac.com\/?post_type=product&#038;p=8011"},"modified":"2026-04-06T13:55:13","modified_gmt":"2026-04-06T12:55:13","slug":"chateau-ormes-de-pez-2016","status":"publish","type":"product","link":"https:\/\/montagnac.com\/en\/product\/chateau-ormes-de-pez-2016\/","title":{"rendered":"Ch\u00e2teau Ormes de Pez 2016"},"content":{"rendered":"<table>\n<tbody>\n<tr>\n<td>Fruit\u00e9<\/td>\n<td><div class=\"progress_icons  transparent\" data-active=\"4\" data-color=\"\"><span class=\"progress_icon\" style=\"\"><i class=\"fas fa-circle\"><\/i><\/span><span class=\"progress_icon\" style=\"\"><i class=\"fas fa-circle\"><\/i><\/span><span class=\"progress_icon\" style=\"\"><i class=\"fas fa-circle\"><\/i><\/span><span class=\"progress_icon\" style=\"\"><i class=\"fas fa-circle\"><\/i><\/span><span class=\"progress_icon\" style=\"\"><i class=\"fas fa-circle\"><\/i><\/span><\/div>\n<\/td>\n<td>\u00c9pic\u00e9\/Bois\u00e9<\/td>\n<td><div class=\"progress_icons  transparent\" data-active=\"4\" data-color=\"\"><span class=\"progress_icon\" style=\"\"><i class=\"fas fa-circle\"><\/i><\/span><span class=\"progress_icon\" style=\"\"><i class=\"fas fa-circle\"><\/i><\/span><span class=\"progress_icon\" style=\"\"><i class=\"fas fa-circle\"><\/i><\/span><span class=\"progress_icon\" style=\"\"><i class=\"fas fa-circle\"><\/i><\/span><span class=\"progress_icon\" style=\"\"><i class=\"fas fa-circle\"><\/i><\/span><\/div>\n<\/td>\n<\/tr>\n<tr>\n<td>Floral<\/td>\n<td><div class=\"progress_icons  transparent\" data-active=\"2\" data-color=\"\"><span class=\"progress_icon\" style=\"\"><i class=\"fas fa-circle\"><\/i><\/span><span class=\"progress_icon\" style=\"\"><i class=\"fas fa-circle\"><\/i><\/span><span class=\"progress_icon\" style=\"\"><i class=\"fas fa-circle\"><\/i><\/span><span class=\"progress_icon\" style=\"\"><i class=\"fas fa-circle\"><\/i><\/span><span class=\"progress_icon\" style=\"\"><i class=\"fas fa-circle\"><\/i><\/span><\/div>\n<\/td>\n<td>Min\u00e9ral<\/td>\n<td><div class=\"progress_icons  transparent\" data-active=\"3\" data-color=\"\"><span class=\"progress_icon\" style=\"\"><i class=\"fas fa-circle\"><\/i><\/span><span class=\"progress_icon\" style=\"\"><i class=\"fas fa-circle\"><\/i><\/span><span class=\"progress_icon\" style=\"\"><i class=\"fas fa-circle\"><\/i><\/span><span class=\"progress_icon\" style=\"\"><i class=\"fas fa-circle\"><\/i><\/span><span class=\"progress_icon\" style=\"\"><i class=\"fas fa-circle\"><\/i><\/span><\/div>\n<\/td>\n<\/tr>\n<\/tbody>\n<\/table>","protected":false},"excerpt":{"rendered":"<p>Le Ch\u00e2teau Ormes de Pez 2016 est un grand vin rouge de Bordeaux incontournable de l&rsquo;appellation Saint-Est\u00e8phe. Appartenant \u00e0 la prestigieuse famille Cazes, ce cru livre dans ce mill\u00e9sime 2016 exceptionnel une partition magistrale. Le nez d\u00e9voile une belle intensit\u00e9 aromatique domin\u00e9e par les fruits noirs (cassis, m\u00fbre), des notes de bo\u00eete \u00e0 cigares, de r\u00e9glisse et de c\u00e8dre. En bouche, le vin est structur\u00e9, puissant mais dot\u00e9 de tanins parfaitement enrob\u00e9s et velout\u00e9s. La fra\u00eecheur typique de ce grand mill\u00e9sime porte la longue finale. C&rsquo;est un Saint-Est\u00e8phe g\u00e9n\u00e9reux, classique et d&rsquo;une grande garde.<\/p>","protected":false},"featured_media":8012,"comment_status":"closed","ping_status":"closed","template":"","meta":{"_acf_changed":false},"product_brand":[212],"product_cat":[670,974,686],"product_tag":[928,926],"class_list":{"0":"post-8011","1":"product","2":"type-product","3":"status-publish","4":"has-post-thumbnail","6":"product_brand-chateau-ormes-de-pez","7":"product_cat-bordeaux","8":"product_cat-les-nouveautes","9":"product_cat-saint-estephe","10":"product_tag-puissant-tannique","11":"product_tag-vins-de-garde","12":"pa_appellation-saint-estephe-aoc","13":"pa_conditionnement-1x75cl","14":"pa_couleur-rouge","15":"pa_format-75cl","16":"pa_millesime-731","17":"pa_region-bordeaux","19":"first","20":"instock","21":"taxable","22":"shipping-taxable","23":"purchasable","24":"product-type-variable","25":"has-default-attributes"},"acf":[],"_links":{"self":[{"href":"https:\/\/montagnac.com\/en\/wp-json\/wp\/v2\/product\/8011","targetHints":{"allow":["GET"]}}],"collection":[{"href":"https:\/\/montagnac.com\/en\/wp-json\/wp\/v2\/product"}],"about":[{"href":"https:\/\/montagnac.com\/en\/wp-json\/wp\/v2\/types\/product"}],"replies":[{"embeddable":true,"href":"https:\/\/montagnac.com\/en\/wp-json\/wp\/v2\/comments?post=8011"}],"wp:featuredmedia":[{"embeddable":true,"href":"https:\/\/montagnac.com\/en\/wp-json\/wp\/v2\/media\/8012"}],"wp:attachment":[{"href":"https:\/\/montagnac.com\/en\/wp-json\/wp\/v2\/media?parent=8011"}],"wp:term":[{"taxonomy":"product_brand","embeddable":true,"href":"https:\/\/montagnac.com\/en\/wp-json\/wp\/v2\/product_brand?post=8011"},{"taxonomy":"product_cat","embeddable":true,"href":"https:\/\/montagnac.com\/en\/wp-json\/wp\/v2\/product_cat?post=8011"},{"taxonomy":"product_tag","embeddable":true,"href":"https:\/\/montagnac.com\/en\/wp-json\/wp\/v2\/product_tag?post=8011"}],"curies":[{"name":"wp","href":"https:\/\/api.w.org\/{rel}","templated":true}]}}