




{"id":8019,"date":"2026-02-20T17:19:36","date_gmt":"2026-02-20T16:19:36","guid":{"rendered":"https:\/\/montagnac.com\/?post_type=product&#038;p=8019"},"modified":"2026-04-06T14:52:25","modified_gmt":"2026-04-06T13:52:25","slug":"frank-phelan-2019","status":"publish","type":"product","link":"https:\/\/montagnac.com\/en\/product\/frank-phelan-2019\/","title":{"rendered":"Frank Ph\u00e9lan 2019"},"content":{"rendered":"<table>\n<tbody>\n<tr>\n<td>Fruit\u00e9<\/td>\n<td><div class=\"progress_icons  transparent\" data-active=\"4\" data-color=\"\"><span class=\"progress_icon\" style=\"\"><i class=\"fas fa-circle\"><\/i><\/span><span class=\"progress_icon\" style=\"\"><i class=\"fas fa-circle\"><\/i><\/span><span class=\"progress_icon\" style=\"\"><i class=\"fas fa-circle\"><\/i><\/span><span class=\"progress_icon\" style=\"\"><i class=\"fas fa-circle\"><\/i><\/span><span class=\"progress_icon\" style=\"\"><i class=\"fas fa-circle\"><\/i><\/span><\/div>\n<\/td>\n<td>\u00c9pic\u00e9\/Bois\u00e9<\/td>\n<td><div class=\"progress_icons  transparent\" data-active=\"3\" data-color=\"\"><span class=\"progress_icon\" style=\"\"><i class=\"fas fa-circle\"><\/i><\/span><span class=\"progress_icon\" style=\"\"><i class=\"fas fa-circle\"><\/i><\/span><span class=\"progress_icon\" style=\"\"><i class=\"fas fa-circle\"><\/i><\/span><span class=\"progress_icon\" style=\"\"><i class=\"fas fa-circle\"><\/i><\/span><span class=\"progress_icon\" style=\"\"><i class=\"fas fa-circle\"><\/i><\/span><\/div>\n<\/td>\n<\/tr>\n<tr>\n<td>Floral<\/td>\n<td><div class=\"progress_icons  transparent\" data-active=\"2\" data-color=\"\"><span class=\"progress_icon\" style=\"\"><i class=\"fas fa-circle\"><\/i><\/span><span class=\"progress_icon\" style=\"\"><i class=\"fas fa-circle\"><\/i><\/span><span class=\"progress_icon\" style=\"\"><i class=\"fas fa-circle\"><\/i><\/span><span class=\"progress_icon\" style=\"\"><i class=\"fas fa-circle\"><\/i><\/span><span class=\"progress_icon\" style=\"\"><i class=\"fas fa-circle\"><\/i><\/span><\/div>\n<\/td>\n<td>Min\u00e9ral<\/td>\n<td><div class=\"progress_icons  transparent\" data-active=\"3\" data-color=\"\"><span class=\"progress_icon\" style=\"\"><i class=\"fas fa-circle\"><\/i><\/span><span class=\"progress_icon\" style=\"\"><i class=\"fas fa-circle\"><\/i><\/span><span class=\"progress_icon\" style=\"\"><i class=\"fas fa-circle\"><\/i><\/span><span class=\"progress_icon\" style=\"\"><i class=\"fas fa-circle\"><\/i><\/span><span class=\"progress_icon\" style=\"\"><i class=\"fas fa-circle\"><\/i><\/span><\/div>\n<\/td>\n<\/tr>\n<\/tbody>\n<\/table>","protected":false},"excerpt":{"rendered":"<p>Frank Ph\u00e9lan 2019 est un superbe vin rouge de Bordeaux, id\u00e9al pour d\u00e9couvrir le style classique de son a\u00een\u00e9. Il s&rsquo;agit du c\u00e9l\u00e8bre second vin du Ch\u00e2teau Ph\u00e9lan S\u00e9gur, situ\u00e9 dans la prestigieuse appellation Saint-Est\u00e8phe. Ce mill\u00e9sime 2019 se montre particuli\u00e8rement charmeur et accessible d\u00e8s sa jeunesse. Le nez d\u00e9voile des ar\u00f4mes intenses de fruits rouges et noirs (cerise, cassis), soulign\u00e9s par de d\u00e9licates notes torr\u00e9fi\u00e9es et \u00e9pic\u00e9es. En bouche, le vin offre une attaque souple et une belle rondeur. Les tanins sont velout\u00e9s et bien int\u00e9gr\u00e9s, portant une finale fra\u00eeche et \u00e9l\u00e9gante. C&rsquo;est une excellente porte d&rsquo;entr\u00e9e pour les amateurs souhaitant un grand vin de Bordeaux pr\u00eat \u00e0 \u00eatre savour\u00e9.<\/p>","protected":false},"featured_media":5441,"comment_status":"open","ping_status":"closed","template":"","meta":{"_acf_changed":false},"product_brand":[287],"product_cat":[670,974,686],"product_tag":[925,929,933,926],"class_list":{"0":"post-8019","1":"product","2":"type-product","3":"status-publish","4":"has-post-thumbnail","6":"product_brand-frank-phelan","7":"product_cat-bordeaux","8":"product_cat-les-nouveautes","9":"product_cat-saint-estephe","10":"product_tag-a-boire-maintenant","11":"product_tag-fruite-souple","12":"product_tag-second-vins","13":"product_tag-vins-de-garde","14":"pa_appellation-saint-estephe-aoc","15":"pa_conditionnement-1x3l","16":"pa_couleur-rouge","17":"pa_format-3l","18":"pa_millesime-747","19":"pa_region-bordeaux","21":"first","22":"instock","23":"taxable","24":"shipping-taxable","25":"purchasable","26":"product-type-variable","27":"has-default-attributes"},"acf":[],"_links":{"self":[{"href":"https:\/\/montagnac.com\/en\/wp-json\/wp\/v2\/product\/8019","targetHints":{"allow":["GET"]}}],"collection":[{"href":"https:\/\/montagnac.com\/en\/wp-json\/wp\/v2\/product"}],"about":[{"href":"https:\/\/montagnac.com\/en\/wp-json\/wp\/v2\/types\/product"}],"replies":[{"embeddable":true,"href":"https:\/\/montagnac.com\/en\/wp-json\/wp\/v2\/comments?post=8019"}],"wp:featuredmedia":[{"embeddable":true,"href":"https:\/\/montagnac.com\/en\/wp-json\/wp\/v2\/media\/5441"}],"wp:attachment":[{"href":"https:\/\/montagnac.com\/en\/wp-json\/wp\/v2\/media?parent=8019"}],"wp:term":[{"taxonomy":"product_brand","embeddable":true,"href":"https:\/\/montagnac.com\/en\/wp-json\/wp\/v2\/product_brand?post=8019"},{"taxonomy":"product_cat","embeddable":true,"href":"https:\/\/montagnac.com\/en\/wp-json\/wp\/v2\/product_cat?post=8019"},{"taxonomy":"product_tag","embeddable":true,"href":"https:\/\/montagnac.com\/en\/wp-json\/wp\/v2\/product_tag?post=8019"}],"curies":[{"name":"wp","href":"https:\/\/api.w.org\/{rel}","templated":true}]}}