




{"id":8113,"date":"2026-04-22T08:04:31","date_gmt":"2026-04-22T07:04:31","guid":{"rendered":"https:\/\/montagnac.com\/?post_type=product&#038;p=8113"},"modified":"2026-04-22T08:18:33","modified_gmt":"2026-04-22T07:18:33","slug":"le-haut-medoc-de-dauzac-2022","status":"publish","type":"product","link":"https:\/\/montagnac.com\/en\/product\/le-haut-medoc-de-dauzac-2022\/","title":{"rendered":"Le Haut Medoc de Dauzac 2022"},"content":{"rendered":"<table>\n<tbody>\n<tr>\n<td>Fruit\u00e9<\/td>\n<td><div class=\"progress_icons  transparent\" data-active=\"4\" data-color=\"\"><span class=\"progress_icon\" style=\"\"><i class=\"fas fa-circle\"><\/i><\/span><span class=\"progress_icon\" style=\"\"><i class=\"fas fa-circle\"><\/i><\/span><span class=\"progress_icon\" style=\"\"><i class=\"fas fa-circle\"><\/i><\/span><span class=\"progress_icon\" style=\"\"><i class=\"fas fa-circle\"><\/i><\/span><span class=\"progress_icon\" style=\"\"><i class=\"fas fa-circle\"><\/i><\/span><\/div>\n<\/td>\n<td>\u00c9pic\u00e9\/Bois\u00e9<\/td>\n<td><div class=\"progress_icons  transparent\" data-active=\"3\" data-color=\"\"><span class=\"progress_icon\" style=\"\"><i class=\"fas fa-circle\"><\/i><\/span><span class=\"progress_icon\" style=\"\"><i class=\"fas fa-circle\"><\/i><\/span><span class=\"progress_icon\" style=\"\"><i class=\"fas fa-circle\"><\/i><\/span><span class=\"progress_icon\" style=\"\"><i class=\"fas fa-circle\"><\/i><\/span><span class=\"progress_icon\" style=\"\"><i class=\"fas fa-circle\"><\/i><\/span><\/div>\n<\/td>\n<\/tr>\n<tr>\n<td>Floral<\/td>\n<td><div class=\"progress_icons  transparent\" data-active=\"2\" data-color=\"\"><span class=\"progress_icon\" style=\"\"><i class=\"fas fa-circle\"><\/i><\/span><span class=\"progress_icon\" style=\"\"><i class=\"fas fa-circle\"><\/i><\/span><span class=\"progress_icon\" style=\"\"><i class=\"fas fa-circle\"><\/i><\/span><span class=\"progress_icon\" style=\"\"><i class=\"fas fa-circle\"><\/i><\/span><span class=\"progress_icon\" style=\"\"><i class=\"fas fa-circle\"><\/i><\/span><\/div>\n<\/td>\n<td>Min\u00e9ral<\/td>\n<td><div class=\"progress_icons  transparent\" data-active=\"3\" data-color=\"\"><span class=\"progress_icon\" style=\"\"><i class=\"fas fa-circle\"><\/i><\/span><span class=\"progress_icon\" style=\"\"><i class=\"fas fa-circle\"><\/i><\/span><span class=\"progress_icon\" style=\"\"><i class=\"fas fa-circle\"><\/i><\/span><span class=\"progress_icon\" style=\"\"><i class=\"fas fa-circle\"><\/i><\/span><span class=\"progress_icon\" style=\"\"><i class=\"fas fa-circle\"><\/i><\/span><\/div>\n<\/td>\n<\/tr>\n<\/tbody>\n<\/table>","protected":false},"excerpt":{"rendered":"<p>Le Haut-M\u00e9doc de Dauzac 2022 est un superbe vin rouge de Bordeaux qui b\u00e9n\u00e9ficie du savoir-faire exceptionnel du Ch\u00e2teau Dauzac (5\u00e8me Grand Cru Class\u00e9 de Margaux). Issu d&rsquo;une ann\u00e9e solaire et concentr\u00e9e, ce mill\u00e9sime certifi\u00e9 Vegan d\u00e9voile une expression pure et gourmande de son terroir. Le nez, puissant et tr\u00e8s expressif, offre de g\u00e9n\u00e9reux ar\u00f4mes de fruits rouges croquants relev\u00e9s par une d\u00e9licate touche poivr\u00e9e et florale. En bouche, le vin s\u00e9duit par son attaque ronde et souple. Il allie la gourmandise des fruits m\u00fbrs \u00e0 des tanins \u00e9l\u00e9gants et d\u00e9licatement structur\u00e9s. La finale est fra\u00eeche et app\u00e9tante, faisant de cette cuv\u00e9e un excellent achat vin pour les amateurs explorant la Rive Gauche.<\/p>","protected":false},"featured_media":5033,"comment_status":"open","ping_status":"closed","template":"","meta":{"_acf_changed":false},"product_brand":[77,306],"product_cat":[670,677,974],"product_tag":[925,929,926],"class_list":{"0":"post-8113","1":"product","2":"type-product","3":"status-publish","4":"has-post-thumbnail","6":"product_brand-chateau-dauzac","7":"product_brand-le-haut-medoc-de-dauzac","8":"product_cat-bordeaux","9":"product_cat-haut-medoc-medoc","10":"product_cat-les-nouveautes","11":"product_tag-a-boire-maintenant","12":"product_tag-fruite-souple","13":"product_tag-vins-de-garde","14":"pa_appellation-haut-medoc-aoc","15":"pa_conditionnement-1x75cl","16":"pa_conditionnement-carton-de-6-bouteilles-75","17":"pa_couleur-rouge","18":"pa_format-75cl","19":"pa_millesime-770","20":"pa_region-bordeaux","22":"first","23":"instock","24":"taxable","25":"shipping-taxable","26":"purchasable","27":"product-type-variable","28":"has-default-attributes"},"acf":[],"_links":{"self":[{"href":"https:\/\/montagnac.com\/en\/wp-json\/wp\/v2\/product\/8113","targetHints":{"allow":["GET"]}}],"collection":[{"href":"https:\/\/montagnac.com\/en\/wp-json\/wp\/v2\/product"}],"about":[{"href":"https:\/\/montagnac.com\/en\/wp-json\/wp\/v2\/types\/product"}],"replies":[{"embeddable":true,"href":"https:\/\/montagnac.com\/en\/wp-json\/wp\/v2\/comments?post=8113"}],"wp:featuredmedia":[{"embeddable":true,"href":"https:\/\/montagnac.com\/en\/wp-json\/wp\/v2\/media\/5033"}],"wp:attachment":[{"href":"https:\/\/montagnac.com\/en\/wp-json\/wp\/v2\/media?parent=8113"}],"wp:term":[{"taxonomy":"product_brand","embeddable":true,"href":"https:\/\/montagnac.com\/en\/wp-json\/wp\/v2\/product_brand?post=8113"},{"taxonomy":"product_cat","embeddable":true,"href":"https:\/\/montagnac.com\/en\/wp-json\/wp\/v2\/product_cat?post=8113"},{"taxonomy":"product_tag","embeddable":true,"href":"https:\/\/montagnac.com\/en\/wp-json\/wp\/v2\/product_tag?post=8113"}],"curies":[{"name":"wp","href":"https:\/\/api.w.org\/{rel}","templated":true}]}}